
{"id":5634,"date":"2023-09-16T18:53:00","date_gmt":"2023-09-16T15:53:00","guid":{"rendered":"https:\/\/sahku.ee\/?post_type=product&#038;p=5634"},"modified":"2023-09-16T19:03:56","modified_gmt":"2023-09-16T16:03:56","slug":"ninebot-zing-c20","status":"publish","type":"product","link":"https:\/\/sahku.ee\/en\/rent\/ninebot-zing-c20\/","title":{"rendered":"Ninebot Zing C20"},"content":{"rendered":"<p><section data-bb-version=\"4.6.1\" id=\"bt_bb_section69d48deb5f675\" class=\"bt_bb_section bt_bb_layout_boxed_1200\"  data-bt-override-class=\"null\"><div class=\"bt_bb_port\"><div class=\"bt_bb_cell\"><div class=\"bt_bb_cell_inner\"><div class=\"bt_bb_row \"  data-bt-override-class=\"{}\"><div class=\"bt_bb_row_holder\" ><div data-bb-version=\"4.6.1\"  class=\"bt_bb_column col-xxl-6 col-xl-6 col-xs-12 col-sm-6 col-md-6 col-lg-6 bt_bb_vertical_align_top bt_bb_align_left bt_bb_padding_normal bt_bb_shape_inherit\" style=\"; --column-width:6;\" data-width=\"6\" data-bt-override-class=\"{}\"><div class=\"bt_bb_column_content\"><div class=\"bt_bb_column_content_inner\"><header data-bb-version=\"4.6.1\" class=\"bt_bb_headline bt_bb_subheadline_text_transform_default bt_bb_dash_none bt_bb_size_medium bt_bb_align_inherit\" data-bt-override-class=\"{&quot;bt_bb_size_&quot;:{&quot;current_class&quot;:&quot;bt_bb_size_medium&quot;,&quot;def&quot;:&quot;medium&quot;},&quot;bt_bb_align_&quot;:{&quot;current_class&quot;:&quot;bt_bb_align_inherit&quot;,&quot;def&quot;:&quot;inherit&quot;}}\"><h4 class=\"bt_bb_headline_tag\"><span class=\"bt_bb_headline_content\"><span> SEGWAY-Ninebot ZING C20<\/span><\/span><\/h4><\/header><div data-bb-version=\"4.6.1\" class=\"bt_bb_separator_v2 bt_bb_border_style_none bt_bb_top_spacing_none bt_bb_bottom_spacing_20 bt_bb_border_thickness_1 bt_bb_icon_size_normal bt_bb_text_size_normal bt_bb_separator_v2_without_content\" data-bt-override-class=\"{&quot;bt_bb_top_spacing_&quot;:{&quot;current_class&quot;:&quot;bt_bb_top_spacing_none&quot;,&quot;def&quot;:&quot;none&quot;},&quot;bt_bb_bottom_spacing_&quot;:{&quot;current_class&quot;:&quot;bt_bb_bottom_spacing_20&quot;,&quot;def&quot;:&quot;20&quot;},&quot;bt_bb_border_thickness_&quot;:{&quot;current_class&quot;:&quot;bt_bb_border_thickness_1&quot;,&quot;def&quot;:&quot;1&quot;},&quot;bt_bb_icon_size_&quot;:{&quot;current_class&quot;:&quot;bt_bb_icon_size_normal&quot;,&quot;def&quot;:&quot;normal&quot;},&quot;bt_bb_text_size_&quot;:{&quot;current_class&quot;:&quot;bt_bb_text_size_normal&quot;,&quot;def&quot;:&quot;normal&quot;}}\"><div class=\"bt_bb_separator_v2_inner\"><span class=\"bt_bb_separator_v2_inner_before\"><\/span><span class=\"bt_bb_separator_v2_inner_content\"><span  data-ico-=\"&#x;\" class=\"bt_bb_icon_holder\"><\/span><\/span><span class=\"bt_bb_separator_v2_inner_after\"><\/span><\/div><\/div><div data-bb-version=\"4.6.1\"  class=\"bt_bb_text\" ><\/p>\n<p>Elektrit\u00f5ukeratas, mis sobib suurep\u00e4raselt k\u00f5igile noortele ja teismelistele, vanuses 10-16. T\u00f5ukeratta disain on lahe \u2013 must raam, punased rattad ning stiilne logo. Lisaks pakub ZING C20 kolme erinevat s\u00f5idure\u017eiimi: turbo, kruiis ja turvaline, v\u00f5imaldades s\u00f5idukogemust vastavalt oma oskustele kohandada. Kerge raam kaalub vaid 10 kilo ning t\u00f5uksiga saab \u00fche laadimisega l\u00e4bida kuni 20 km, maksimum kiirus kuni 16 km\/h<\/p>\n<h4>Saadaval uuel, 2024. aasta hooajal<\/h4>\n<p>\n<\/div><div class=\"bt_bb_separator_v2 bt_bb_border_style_none bt_bb_top_spacing_none bt_bb_bottom_spacing_40 bt_bb_border_thickness_1 bt_bb_icon_size_normal bt_bb_text_size_normal bt_bb_separator_v2_without_content\" data-bt-override-class=\"{&quot;bt_bb_top_spacing_&quot;:{&quot;current_class&quot;:&quot;bt_bb_top_spacing_none&quot;,&quot;def&quot;:&quot;none&quot;,&quot;xl&quot;:&quot;none&quot;},&quot;bt_bb_bottom_spacing_&quot;:{&quot;current_class&quot;:&quot;bt_bb_bottom_spacing_40&quot;,&quot;def&quot;:&quot;40&quot;,&quot;xl&quot;:&quot;40&quot;},&quot;bt_bb_border_thickness_&quot;:{&quot;current_class&quot;:&quot;bt_bb_border_thickness_1&quot;,&quot;def&quot;:&quot;1&quot;,&quot;xl&quot;:&quot;1&quot;},&quot;bt_bb_icon_size_&quot;:{&quot;current_class&quot;:&quot;bt_bb_icon_size_normal&quot;,&quot;def&quot;:&quot;normal&quot;,&quot;xl&quot;:&quot;normal&quot;},&quot;bt_bb_text_size_&quot;:{&quot;current_class&quot;:&quot;bt_bb_text_size_normal&quot;,&quot;def&quot;:&quot;normal&quot;,&quot;xl&quot;:&quot;normal&quot;}}\"><div class=\"bt_bb_separator_v2_inner\"><span class=\"bt_bb_separator_v2_inner_before\"><\/span><span class=\"bt_bb_separator_v2_inner_content\"><span  data-ico-=\"&#x;\" class=\"bt_bb_icon_holder\"><\/span><\/span><span class=\"bt_bb_separator_v2_inner_after\"><\/span><\/div><\/div><\/div><\/div><\/div><div data-bb-version=\"4.6.1\"  class=\"bt_bb_column col-xxl-6 col-xl-6 col-xs-12 col-sm-6 col-md-6 col-lg-6 bt_bb_vertical_align_top bt_bb_align_left bt_bb_padding_normal bt_bb_shape_inherit\" style=\"; --column-width:6;\" data-width=\"6\" data-bt-override-class=\"{}\"><div class=\"bt_bb_column_content\"><div class=\"bt_bb_column_content_inner\"><header data-bb-version=\"4.6.1\" class=\"bt_bb_headline bt_bb_subheadline_text_transform_default bt_bb_dash_none bt_bb_subheadline bt_bb_size_medium bt_bb_align_inherit\" data-bt-override-class=\"{&quot;bt_bb_size_&quot;:{&quot;current_class&quot;:&quot;bt_bb_size_medium&quot;,&quot;def&quot;:&quot;medium&quot;},&quot;bt_bb_align_&quot;:{&quot;current_class&quot;:&quot;bt_bb_align_inherit&quot;,&quot;def&quot;:&quot;inherit&quot;}}\"><h4 class=\"bt_bb_headline_tag\"><span class=\"bt_bb_headline_content\"><span>Rendihinnad<\/span><\/span><\/h4><div class=\"bt_bb_headline_subheadline\">Rendihinnas sisaldub elektrit\u00f5uks, kiiver, juhendamine ja soovi korral lisatasu eest ka p\u00f5lve- ja k\u00fc\u00fcnarnukikaitsmed.<\/div><\/header><div class=\"bt_bb_separator_v2 bt_bb_border_style_none bt_bb_top_spacing_none bt_bb_bottom_spacing_40 bt_bb_border_thickness_1 bt_bb_icon_size_normal bt_bb_text_size_normal bt_bb_separator_v2_without_content\" data-bt-override-class=\"{&quot;bt_bb_top_spacing_&quot;:{&quot;current_class&quot;:&quot;bt_bb_top_spacing_none&quot;,&quot;def&quot;:&quot;none&quot;,&quot;xl&quot;:&quot;none&quot;},&quot;bt_bb_bottom_spacing_&quot;:{&quot;current_class&quot;:&quot;bt_bb_bottom_spacing_40&quot;,&quot;def&quot;:&quot;40&quot;,&quot;xl&quot;:&quot;40&quot;},&quot;bt_bb_border_thickness_&quot;:{&quot;current_class&quot;:&quot;bt_bb_border_thickness_1&quot;,&quot;def&quot;:&quot;1&quot;,&quot;xl&quot;:&quot;1&quot;},&quot;bt_bb_icon_size_&quot;:{&quot;current_class&quot;:&quot;bt_bb_icon_size_normal&quot;,&quot;def&quot;:&quot;normal&quot;,&quot;xl&quot;:&quot;normal&quot;},&quot;bt_bb_text_size_&quot;:{&quot;current_class&quot;:&quot;bt_bb_text_size_normal&quot;,&quot;def&quot;:&quot;normal&quot;,&quot;xl&quot;:&quot;normal&quot;}}\"><div class=\"bt_bb_separator_v2_inner\"><span class=\"bt_bb_separator_v2_inner_before\"><\/span><span class=\"bt_bb_separator_v2_inner_content\"><span  data-ico-=\"&#x;\" class=\"bt_bb_icon_holder\"><\/span><\/span><span class=\"bt_bb_separator_v2_inner_after\"><\/span><\/div><\/div><div data-bb-version=\"4.6.1\" class=\"bt_bb_individual_price bt_bb_color_scheme_3 btNoText\" style=\"; --primary-color:var(--accent-color); --secondary-color:#282828;\" ><div class=\"bt_bb_individual_price_title_price\"><div class=\"bt_bb_individual_price_title\"><span>RENT 1 P\u00c4EV<\/span><\/div><div class=\"bt_bb_individual_price_separator\"><\/div><div class=\"bt_bb_individual_price_price\"><span>10.00 \u20ac<\/span><\/div><\/div><\/div><div class=\"bt_bb_separator_v2 bt_bb_border_style_none bt_bb_top_spacing_none bt_bb_bottom_spacing_40 bt_bb_border_thickness_1 bt_bb_icon_size_normal bt_bb_text_size_normal bt_bb_separator_v2_without_content\" data-bt-override-class=\"{&quot;bt_bb_top_spacing_&quot;:{&quot;current_class&quot;:&quot;bt_bb_top_spacing_none&quot;,&quot;def&quot;:&quot;none&quot;,&quot;xl&quot;:&quot;none&quot;},&quot;bt_bb_bottom_spacing_&quot;:{&quot;current_class&quot;:&quot;bt_bb_bottom_spacing_40&quot;,&quot;def&quot;:&quot;40&quot;,&quot;xl&quot;:&quot;40&quot;},&quot;bt_bb_border_thickness_&quot;:{&quot;current_class&quot;:&quot;bt_bb_border_thickness_1&quot;,&quot;def&quot;:&quot;1&quot;,&quot;xl&quot;:&quot;1&quot;},&quot;bt_bb_icon_size_&quot;:{&quot;current_class&quot;:&quot;bt_bb_icon_size_normal&quot;,&quot;def&quot;:&quot;normal&quot;,&quot;xl&quot;:&quot;normal&quot;},&quot;bt_bb_text_size_&quot;:{&quot;current_class&quot;:&quot;bt_bb_text_size_normal&quot;,&quot;def&quot;:&quot;normal&quot;,&quot;xl&quot;:&quot;normal&quot;}}\"><div class=\"bt_bb_separator_v2_inner\"><span class=\"bt_bb_separator_v2_inner_before\"><\/span><span class=\"bt_bb_separator_v2_inner_content\"><span  data-ico-=\"&#x;\" class=\"bt_bb_icon_holder\"><\/span><\/span><span class=\"bt_bb_separator_v2_inner_after\"><\/span><\/div><\/div><div data-bb-version=\"4.6.1\" class=\"bt_bb_individual_price bt_bb_color_scheme_3 btNoText\" style=\"; --primary-color:var(--accent-color); --secondary-color:#282828;\" ><div class=\"bt_bb_individual_price_title_price\"><div class=\"bt_bb_individual_price_title\"><span>RENT 3 P\u00c4EVA<\/span><\/div><div class=\"bt_bb_individual_price_separator\"><\/div><div class=\"bt_bb_individual_price_price\"><span>15.00 \u20ac (5 \u20ac\/p\u00e4ev)<\/span><\/div><\/div><\/div><div class=\"bt_bb_separator_v2 bt_bb_border_style_none bt_bb_top_spacing_none bt_bb_bottom_spacing_40 bt_bb_border_thickness_1 bt_bb_icon_size_normal bt_bb_text_size_normal bt_bb_separator_v2_without_content\" data-bt-override-class=\"{&quot;bt_bb_top_spacing_&quot;:{&quot;current_class&quot;:&quot;bt_bb_top_spacing_none&quot;,&quot;def&quot;:&quot;none&quot;,&quot;xl&quot;:&quot;none&quot;},&quot;bt_bb_bottom_spacing_&quot;:{&quot;current_class&quot;:&quot;bt_bb_bottom_spacing_40&quot;,&quot;def&quot;:&quot;40&quot;,&quot;xl&quot;:&quot;40&quot;},&quot;bt_bb_border_thickness_&quot;:{&quot;current_class&quot;:&quot;bt_bb_border_thickness_1&quot;,&quot;def&quot;:&quot;1&quot;,&quot;xl&quot;:&quot;1&quot;},&quot;bt_bb_icon_size_&quot;:{&quot;current_class&quot;:&quot;bt_bb_icon_size_normal&quot;,&quot;def&quot;:&quot;normal&quot;,&quot;xl&quot;:&quot;normal&quot;},&quot;bt_bb_text_size_&quot;:{&quot;current_class&quot;:&quot;bt_bb_text_size_normal&quot;,&quot;def&quot;:&quot;normal&quot;,&quot;xl&quot;:&quot;normal&quot;}}\"><div class=\"bt_bb_separator_v2_inner\"><span class=\"bt_bb_separator_v2_inner_before\"><\/span><span class=\"bt_bb_separator_v2_inner_content\"><span  data-ico-=\"&#x;\" class=\"bt_bb_icon_holder\"><\/span><\/span><span class=\"bt_bb_separator_v2_inner_after\"><\/span><\/div><\/div><div data-bb-version=\"4.6.1\" class=\"bt_bb_individual_price bt_bb_color_scheme_3 btNoText\" style=\"; --primary-color:var(--accent-color); --secondary-color:#282828;\" ><div class=\"bt_bb_individual_price_title_price\"><div class=\"bt_bb_individual_price_title\"><span>RENT N\u00c4DALAKS<\/span><\/div><div class=\"bt_bb_individual_price_separator\"><\/div><div class=\"bt_bb_individual_price_price\"><span>30.00 \u20ac (1 P\u00c4EV TASUTA)<\/span><\/div><\/div><\/div><div class=\"bt_bb_separator_v2 bt_bb_border_style_none bt_bb_top_spacing_none bt_bb_bottom_spacing_40 bt_bb_border_thickness_1 bt_bb_icon_size_normal bt_bb_text_size_normal bt_bb_separator_v2_without_content\" data-bt-override-class=\"{&quot;bt_bb_top_spacing_&quot;:{&quot;current_class&quot;:&quot;bt_bb_top_spacing_none&quot;,&quot;def&quot;:&quot;none&quot;,&quot;xl&quot;:&quot;none&quot;},&quot;bt_bb_bottom_spacing_&quot;:{&quot;current_class&quot;:&quot;bt_bb_bottom_spacing_40&quot;,&quot;def&quot;:&quot;40&quot;,&quot;xl&quot;:&quot;40&quot;},&quot;bt_bb_border_thickness_&quot;:{&quot;current_class&quot;:&quot;bt_bb_border_thickness_1&quot;,&quot;def&quot;:&quot;1&quot;,&quot;xl&quot;:&quot;1&quot;},&quot;bt_bb_icon_size_&quot;:{&quot;current_class&quot;:&quot;bt_bb_icon_size_normal&quot;,&quot;def&quot;:&quot;normal&quot;,&quot;xl&quot;:&quot;normal&quot;},&quot;bt_bb_text_size_&quot;:{&quot;current_class&quot;:&quot;bt_bb_text_size_normal&quot;,&quot;def&quot;:&quot;normal&quot;,&quot;xl&quot;:&quot;normal&quot;}}\"><div class=\"bt_bb_separator_v2_inner\"><span class=\"bt_bb_separator_v2_inner_before\"><\/span><span class=\"bt_bb_separator_v2_inner_content\"><span  data-ico-=\"&#x;\" class=\"bt_bb_icon_holder\"><\/span><\/span><span class=\"bt_bb_separator_v2_inner_after\"><\/span><\/div><\/div><\/div><\/div><\/div><\/div><\/div><\/div><!-- cell_inner --><\/div><!-- cell --><\/div><!-- port --><\/section><section data-bb-version=\"4.6.1\" id=\"bt_bb_section69d48deb61037\" class=\"bt_bb_section bt_bb_layout_boxed_1200\"  data-bt-override-class=\"null\"><div class=\"bt_bb_port\"><div class=\"bt_bb_cell\"><div class=\"bt_bb_cell_inner\"><div class=\"bt_bb_row \"  data-bt-override-class=\"{}\"><div class=\"bt_bb_row_holder\" ><div data-bb-version=\"4.6.1\"  class=\"bt_bb_column col-xxl-12 col-xl-12 col-xs-12 col-sm-12 col-md-12 col-lg-12 bt_bb_vertical_align_top bt_bb_align_left bt_bb_padding_normal bt_bb_shape_inherit\" style=\"; --column-width:12;\" data-width=\"12\" data-bt-override-class=\"{}\"><div class=\"bt_bb_column_content\"><div class=\"bt_bb_column_content_inner\"><div data-bb-version=\"4.6.1\"  class=\"bt_bb_text\" ><\/div><\/div><\/div><\/div><\/div><\/div><\/div><!-- cell_inner --><\/div><!-- cell --><\/div><!-- port --><\/section><\/p>\n","protected":false},"excerpt":{"rendered":"<p>&nbsp;<\/p>\n<p>Tutvustame Segway-Ninebot ZING C20 elektrit\u00f5ukeratast &#8211; suurep\u00e4rane valik nii noorele kui teismelisele. Rendi ja koge l\u00f5busat s\u00f5itu linnat\u00e4navatel v\u00f5i parkides. T\u00f5uksi mudel on loodud mugavuseks, stiiliks ja turvaliseks s\u00f5iduks. L\u00f5bus ja keskkonnas\u00f5bralik viis suurep\u00e4raseks ajaveetmiseks!<\/p>\n<p>Saadaval uuel 2024.hooajal.<\/p>\n","protected":false},"featured_media":5635,"template":"","meta":{"_monsterinsights_skip_tracking":false,"_monsterinsights_sitenote_active":false,"_monsterinsights_sitenote_note":"","_monsterinsights_sitenote_category":0},"product_brand":[],"product_cat":[98,15],"product_tag":[],"class_list":{"0":"post-5634","1":"product","2":"type-product","3":"status-publish","4":"has-post-thumbnail","6":"product_cat-10-16","7":"product_cat-toukerattad","9":"first","10":"instock","11":"virtual","12":"taxable","13":"purchasable","14":"product-type-simple"},"yoast_head":"<!-- This site is optimized with the Yoast SEO plugin v27.3 - https:\/\/yoast.com\/product\/yoast-seo-wordpress\/ -->\n<title>Elektrit\u00f5ukeratta rent lapsele vanuses 10-16<\/title>\n<meta name=\"description\" content=\"Rendi elektrit\u00f5ukeratas lapsel vanuses 10-16 ja naudi P\u00e4rnus s\u00f5itmist. Valikus SEGWAY-Ninebot ZING C20 mugav ja kerge elektrit\u00f5uks\" \/>\n<meta name=\"robots\" content=\"index, follow, max-snippet:-1, max-image-preview:large, max-video-preview:-1\" \/>\n<link rel=\"canonical\" href=\"https:\/\/sahku.ee\/rent\/ninebot-zing-c20\/\" \/>\n<meta property=\"og:locale\" content=\"en_US\" \/>\n<meta property=\"og:type\" content=\"article\" \/>\n<meta property=\"og:title\" content=\"Elektrit\u00f5ukeratta rent lapsele vanuses 10-16\" \/>\n<meta property=\"og:description\" content=\"Rendi elektrit\u00f5ukeratas lapsel vanuses 10-16 ja naudi P\u00e4rnus s\u00f5itmist. Valikus SEGWAY-Ninebot ZING C20 mugav ja kerge elektrit\u00f5uks\" \/>\n<meta property=\"og:url\" content=\"https:\/\/sahku.ee\/rent\/ninebot-zing-c20\/\" \/>\n<meta property=\"og:site_name\" content=\"S\u00e4hku\" \/>\n<meta property=\"article:modified_time\" content=\"2023-09-16T16:03:56+00:00\" \/>\n<meta property=\"og:image\" content=\"https:\/\/sahku.ee\/wp-content\/uploads\/2023\/09\/SEGWAY-Ninebot-Zing-C20-elektritoukeratta-rent.jpg\" \/>\n\t<meta property=\"og:image:width\" content=\"800\" \/>\n\t<meta property=\"og:image:height\" content=\"800\" \/>\n\t<meta property=\"og:image:type\" content=\"image\/jpeg\" \/>\n<meta name=\"twitter:card\" content=\"summary_large_image\" \/>\n<meta name=\"twitter:label1\" content=\"Est. reading time\" \/>\n\t<meta name=\"twitter:data1\" content=\"2 minutes\" \/>\n<script type=\"application\/ld+json\" class=\"yoast-schema-graph\">{\"@context\":\"https:\\\/\\\/schema.org\",\"@graph\":[{\"@type\":\"WebPage\",\"@id\":\"https:\\\/\\\/sahku.ee\\\/rent\\\/ninebot-zing-c20\\\/\",\"url\":\"https:\\\/\\\/sahku.ee\\\/rent\\\/ninebot-zing-c20\\\/\",\"name\":\"Elektrit\u00f5ukeratta rent lapsele vanuses 10-16\",\"isPartOf\":{\"@id\":\"https:\\\/\\\/sahku.ee\\\/#website\"},\"primaryImageOfPage\":{\"@id\":\"https:\\\/\\\/sahku.ee\\\/rent\\\/ninebot-zing-c20\\\/#primaryimage\"},\"image\":{\"@id\":\"https:\\\/\\\/sahku.ee\\\/rent\\\/ninebot-zing-c20\\\/#primaryimage\"},\"thumbnailUrl\":\"https:\\\/\\\/sahku.ee\\\/wp-content\\\/uploads\\\/2023\\\/09\\\/SEGWAY-Ninebot-Zing-C20-elektritoukeratta-rent.jpg\",\"datePublished\":\"2023-09-16T15:53:00+00:00\",\"dateModified\":\"2023-09-16T16:03:56+00:00\",\"description\":\"Rendi elektrit\u00f5ukeratas lapsel vanuses 10-16 ja naudi P\u00e4rnus s\u00f5itmist. Valikus SEGWAY-Ninebot ZING C20 mugav ja kerge elektrit\u00f5uks\",\"breadcrumb\":{\"@id\":\"https:\\\/\\\/sahku.ee\\\/rent\\\/ninebot-zing-c20\\\/#breadcrumb\"},\"inLanguage\":\"en-US\",\"potentialAction\":[{\"@type\":\"ReadAction\",\"target\":[\"https:\\\/\\\/sahku.ee\\\/rent\\\/ninebot-zing-c20\\\/\"]}]},{\"@type\":\"ImageObject\",\"inLanguage\":\"en-US\",\"@id\":\"https:\\\/\\\/sahku.ee\\\/rent\\\/ninebot-zing-c20\\\/#primaryimage\",\"url\":\"https:\\\/\\\/sahku.ee\\\/wp-content\\\/uploads\\\/2023\\\/09\\\/SEGWAY-Ninebot-Zing-C20-elektritoukeratta-rent.jpg\",\"contentUrl\":\"https:\\\/\\\/sahku.ee\\\/wp-content\\\/uploads\\\/2023\\\/09\\\/SEGWAY-Ninebot-Zing-C20-elektritoukeratta-rent.jpg\",\"width\":800,\"height\":800,\"caption\":\"SEGWAY-Ninebot-Zing-C20-elektrit\u00f5ukeratta-rent\"},{\"@type\":\"BreadcrumbList\",\"@id\":\"https:\\\/\\\/sahku.ee\\\/rent\\\/ninebot-zing-c20\\\/#breadcrumb\",\"itemListElement\":[{\"@type\":\"ListItem\",\"position\":1,\"name\":\"S\u00e4hku\",\"item\":\"https:\\\/\\\/sahku.ee\\\/\"},{\"@type\":\"ListItem\",\"position\":2,\"name\":\"Rendi t\u00f5ukerattad\",\"item\":\"https:\\\/\\\/sahku.ee\\\/rendi-toukerattad\\\/\"},{\"@type\":\"ListItem\",\"position\":3,\"name\":\"Ninebot Zing C20\"}]},{\"@type\":\"WebSite\",\"@id\":\"https:\\\/\\\/sahku.ee\\\/#website\",\"url\":\"https:\\\/\\\/sahku.ee\\\/\",\"name\":\"S\u00e4hku.ee\",\"description\":\"Elektrit\u00f5ukside rent lastele P\u00e4rnus\",\"publisher\":{\"@id\":\"https:\\\/\\\/sahku.ee\\\/#organization\"},\"alternateName\":\"S\u00e4hku\",\"potentialAction\":[{\"@type\":\"SearchAction\",\"target\":{\"@type\":\"EntryPoint\",\"urlTemplate\":\"https:\\\/\\\/sahku.ee\\\/?s={search_term_string}\"},\"query-input\":{\"@type\":\"PropertyValueSpecification\",\"valueRequired\":true,\"valueName\":\"search_term_string\"}}],\"inLanguage\":\"en-US\"},{\"@type\":\"Organization\",\"@id\":\"https:\\\/\\\/sahku.ee\\\/#organization\",\"name\":\"Trett O\u00dc\",\"alternateName\":\"S\u00e4hku\",\"url\":\"https:\\\/\\\/sahku.ee\\\/\",\"logo\":{\"@type\":\"ImageObject\",\"inLanguage\":\"en-US\",\"@id\":\"https:\\\/\\\/sahku.ee\\\/#\\\/schema\\\/logo\\\/image\\\/\",\"url\":\"https:\\\/\\\/sahku.ee\\\/wp-content\\\/uploads\\\/2023\\\/07\\\/cropped-Sahku-uus-favicon.png\",\"contentUrl\":\"https:\\\/\\\/sahku.ee\\\/wp-content\\\/uploads\\\/2023\\\/07\\\/cropped-Sahku-uus-favicon.png\",\"width\":512,\"height\":512,\"caption\":\"Trett O\u00dc\"},\"image\":{\"@id\":\"https:\\\/\\\/sahku.ee\\\/#\\\/schema\\\/logo\\\/image\\\/\"}}]}<\/script>\n<!-- \/ Yoast SEO plugin. -->","yoast_head_json":{"title":"Elektrit\u00f5ukeratta rent lapsele vanuses 10-16","description":"Rendi elektrit\u00f5ukeratas lapsel vanuses 10-16 ja naudi P\u00e4rnus s\u00f5itmist. Valikus SEGWAY-Ninebot ZING C20 mugav ja kerge elektrit\u00f5uks","robots":{"index":"index","follow":"follow","max-snippet":"max-snippet:-1","max-image-preview":"max-image-preview:large","max-video-preview":"max-video-preview:-1"},"canonical":"https:\/\/sahku.ee\/rent\/ninebot-zing-c20\/","og_locale":"en_US","og_type":"article","og_title":"Elektrit\u00f5ukeratta rent lapsele vanuses 10-16","og_description":"Rendi elektrit\u00f5ukeratas lapsel vanuses 10-16 ja naudi P\u00e4rnus s\u00f5itmist. Valikus SEGWAY-Ninebot ZING C20 mugav ja kerge elektrit\u00f5uks","og_url":"https:\/\/sahku.ee\/rent\/ninebot-zing-c20\/","og_site_name":"S\u00e4hku","article_modified_time":"2023-09-16T16:03:56+00:00","og_image":[{"width":800,"height":800,"url":"https:\/\/sahku.ee\/wp-content\/uploads\/2023\/09\/SEGWAY-Ninebot-Zing-C20-elektritoukeratta-rent.jpg","type":"image\/jpeg"}],"twitter_card":"summary_large_image","twitter_misc":{"Est. reading time":"2 minutes"},"schema":{"@context":"https:\/\/schema.org","@graph":[{"@type":"WebPage","@id":"https:\/\/sahku.ee\/rent\/ninebot-zing-c20\/","url":"https:\/\/sahku.ee\/rent\/ninebot-zing-c20\/","name":"Elektrit\u00f5ukeratta rent lapsele vanuses 10-16","isPartOf":{"@id":"https:\/\/sahku.ee\/#website"},"primaryImageOfPage":{"@id":"https:\/\/sahku.ee\/rent\/ninebot-zing-c20\/#primaryimage"},"image":{"@id":"https:\/\/sahku.ee\/rent\/ninebot-zing-c20\/#primaryimage"},"thumbnailUrl":"https:\/\/sahku.ee\/wp-content\/uploads\/2023\/09\/SEGWAY-Ninebot-Zing-C20-elektritoukeratta-rent.jpg","datePublished":"2023-09-16T15:53:00+00:00","dateModified":"2023-09-16T16:03:56+00:00","description":"Rendi elektrit\u00f5ukeratas lapsel vanuses 10-16 ja naudi P\u00e4rnus s\u00f5itmist. Valikus SEGWAY-Ninebot ZING C20 mugav ja kerge elektrit\u00f5uks","breadcrumb":{"@id":"https:\/\/sahku.ee\/rent\/ninebot-zing-c20\/#breadcrumb"},"inLanguage":"en-US","potentialAction":[{"@type":"ReadAction","target":["https:\/\/sahku.ee\/rent\/ninebot-zing-c20\/"]}]},{"@type":"ImageObject","inLanguage":"en-US","@id":"https:\/\/sahku.ee\/rent\/ninebot-zing-c20\/#primaryimage","url":"https:\/\/sahku.ee\/wp-content\/uploads\/2023\/09\/SEGWAY-Ninebot-Zing-C20-elektritoukeratta-rent.jpg","contentUrl":"https:\/\/sahku.ee\/wp-content\/uploads\/2023\/09\/SEGWAY-Ninebot-Zing-C20-elektritoukeratta-rent.jpg","width":800,"height":800,"caption":"SEGWAY-Ninebot-Zing-C20-elektrit\u00f5ukeratta-rent"},{"@type":"BreadcrumbList","@id":"https:\/\/sahku.ee\/rent\/ninebot-zing-c20\/#breadcrumb","itemListElement":[{"@type":"ListItem","position":1,"name":"S\u00e4hku","item":"https:\/\/sahku.ee\/"},{"@type":"ListItem","position":2,"name":"Rendi t\u00f5ukerattad","item":"https:\/\/sahku.ee\/rendi-toukerattad\/"},{"@type":"ListItem","position":3,"name":"Ninebot Zing C20"}]},{"@type":"WebSite","@id":"https:\/\/sahku.ee\/#website","url":"https:\/\/sahku.ee\/","name":"S\u00e4hku.ee","description":"Elektrit\u00f5ukside rent lastele P\u00e4rnus","publisher":{"@id":"https:\/\/sahku.ee\/#organization"},"alternateName":"S\u00e4hku","potentialAction":[{"@type":"SearchAction","target":{"@type":"EntryPoint","urlTemplate":"https:\/\/sahku.ee\/?s={search_term_string}"},"query-input":{"@type":"PropertyValueSpecification","valueRequired":true,"valueName":"search_term_string"}}],"inLanguage":"en-US"},{"@type":"Organization","@id":"https:\/\/sahku.ee\/#organization","name":"Trett O\u00dc","alternateName":"S\u00e4hku","url":"https:\/\/sahku.ee\/","logo":{"@type":"ImageObject","inLanguage":"en-US","@id":"https:\/\/sahku.ee\/#\/schema\/logo\/image\/","url":"https:\/\/sahku.ee\/wp-content\/uploads\/2023\/07\/cropped-Sahku-uus-favicon.png","contentUrl":"https:\/\/sahku.ee\/wp-content\/uploads\/2023\/07\/cropped-Sahku-uus-favicon.png","width":512,"height":512,"caption":"Trett O\u00dc"},"image":{"@id":"https:\/\/sahku.ee\/#\/schema\/logo\/image\/"}}]}},"_links":{"self":[{"href":"https:\/\/sahku.ee\/en\/wp-json\/wp\/v2\/product\/5634","targetHints":{"allow":["GET"]}}],"collection":[{"href":"https:\/\/sahku.ee\/en\/wp-json\/wp\/v2\/product"}],"about":[{"href":"https:\/\/sahku.ee\/en\/wp-json\/wp\/v2\/types\/product"}],"wp:featuredmedia":[{"embeddable":true,"href":"https:\/\/sahku.ee\/en\/wp-json\/wp\/v2\/media\/5635"}],"wp:attachment":[{"href":"https:\/\/sahku.ee\/en\/wp-json\/wp\/v2\/media?parent=5634"}],"wp:term":[{"taxonomy":"product_brand","embeddable":true,"href":"https:\/\/sahku.ee\/en\/wp-json\/wp\/v2\/product_brand?post=5634"},{"taxonomy":"product_cat","embeddable":true,"href":"https:\/\/sahku.ee\/en\/wp-json\/wp\/v2\/product_cat?post=5634"},{"taxonomy":"product_tag","embeddable":true,"href":"https:\/\/sahku.ee\/en\/wp-json\/wp\/v2\/product_tag?post=5634"}],"curies":[{"name":"wp","href":"https:\/\/api.w.org\/{rel}","templated":true}]}}