
{"id":4360,"date":"2023-05-19T13:15:00","date_gmt":"2023-05-19T10:15:00","guid":{"rendered":"https:\/\/sahku.ee\/?post_type=product&#038;p=4360"},"modified":"2024-09-30T22:23:11","modified_gmt":"2024-09-30T19:23:11","slug":"ninebot-f40e-zing-c10","status":"publish","type":"product","link":"https:\/\/sahku.ee\/en\/rent\/ninebot-f40e-zing-c10\/","title":{"rendered":"Ninebot F40E"},"content":{"rendered":"<p><section data-bb-version=\"4.6.1\" id=\"bt_bb_section69d453466d9ed\" class=\"bt_bb_section bt_bb_layout_boxed_1200\"  data-bt-override-class=\"null\"><div class=\"bt_bb_port\"><div class=\"bt_bb_cell\"><div class=\"bt_bb_cell_inner\"><div class=\"bt_bb_row \"  data-bt-override-class=\"{}\"><div class=\"bt_bb_row_holder\" ><div data-bb-version=\"4.6.1\"  class=\"bt_bb_column col-xxl-6 col-xl-6 col-xs-12 col-sm-6 col-md-6 col-lg-6 bt_bb_vertical_align_top bt_bb_align_left bt_bb_padding_normal bt_bb_shape_inherit\" style=\"; --column-width:6;\" data-width=\"6\" data-bt-override-class=\"{}\"><div class=\"bt_bb_column_content\"><div class=\"bt_bb_column_content_inner\"><header data-bb-version=\"4.9.1\" class=\"bt_bb_headline bt_bb_subheadline_text_transform_default bt_bb_dash_none bt_bb_size_medium bt_bb_align_inherit\" data-bt-override-class=\"{&quot;bt_bb_size_&quot;:{&quot;current_class&quot;:&quot;bt_bb_size_medium&quot;,&quot;def&quot;:&quot;medium&quot;},&quot;bt_bb_align_&quot;:{&quot;current_class&quot;:&quot;bt_bb_align_inherit&quot;,&quot;def&quot;:&quot;inherit&quot;}}\"><h4 class=\"bt_bb_headline_tag\"><span class=\"bt_bb_headline_content\"><span> SEGWAY Ninebot F40E <\/span><\/span><\/h4><\/header><div data-bb-version=\"4.6.1\" class=\"bt_bb_separator_v2 bt_bb_border_style_none bt_bb_top_spacing_none bt_bb_bottom_spacing_20 bt_bb_border_thickness_1 bt_bb_icon_size_normal bt_bb_text_size_normal bt_bb_separator_v2_without_content\" data-bt-override-class=\"{&quot;bt_bb_top_spacing_&quot;:{&quot;current_class&quot;:&quot;bt_bb_top_spacing_none&quot;,&quot;def&quot;:&quot;none&quot;},&quot;bt_bb_bottom_spacing_&quot;:{&quot;current_class&quot;:&quot;bt_bb_bottom_spacing_20&quot;,&quot;def&quot;:&quot;20&quot;},&quot;bt_bb_border_thickness_&quot;:{&quot;current_class&quot;:&quot;bt_bb_border_thickness_1&quot;,&quot;def&quot;:&quot;1&quot;},&quot;bt_bb_icon_size_&quot;:{&quot;current_class&quot;:&quot;bt_bb_icon_size_normal&quot;,&quot;def&quot;:&quot;normal&quot;},&quot;bt_bb_text_size_&quot;:{&quot;current_class&quot;:&quot;bt_bb_text_size_normal&quot;,&quot;def&quot;:&quot;normal&quot;}}\"><div class=\"bt_bb_separator_v2_inner\"><span class=\"bt_bb_separator_v2_inner_before\"><\/span><span class=\"bt_bb_separator_v2_inner_content\"><span  data-ico-=\"&#x;\" class=\"bt_bb_icon_holder\"><\/span><\/span><span class=\"bt_bb_separator_v2_inner_after\"><\/span><\/div><\/div><div data-bb-version=\"4.6.1\" class=\"bt_bb_video bt_bb_disable_controls_no\"><div class=\"bt-video-container\"><div style=\"width: 100%;\" class=\"wp-video\"><video class=\"wp-video-shortcode\" id=\"video-4360-1\" width=\"640\" height=\"360\" preload=\"metadata\" controls=\"controls\"><source type=\"video\/youtube\" src=\"https:\/\/www.youtube.com\/watch?v=TDgLyMFmssw&#038;_=1\" \/><a href=\"https:\/\/www.youtube.com\/watch?v=TDgLyMFmssw\">https:\/\/www.youtube.com\/watch?v=TDgLyMFmssw<\/a><\/video><\/div><\/div><\/div><div class=\"bt_bb_separator_v2 bt_bb_border_style_none bt_bb_top_spacing_none bt_bb_bottom_spacing_40 bt_bb_border_thickness_1 bt_bb_icon_size_normal bt_bb_text_size_normal bt_bb_separator_v2_without_content\" data-bt-override-class=\"{&quot;bt_bb_top_spacing_&quot;:{&quot;current_class&quot;:&quot;bt_bb_top_spacing_none&quot;,&quot;def&quot;:&quot;none&quot;,&quot;xl&quot;:&quot;none&quot;},&quot;bt_bb_bottom_spacing_&quot;:{&quot;current_class&quot;:&quot;bt_bb_bottom_spacing_40&quot;,&quot;def&quot;:&quot;40&quot;,&quot;xl&quot;:&quot;40&quot;},&quot;bt_bb_border_thickness_&quot;:{&quot;current_class&quot;:&quot;bt_bb_border_thickness_1&quot;,&quot;def&quot;:&quot;1&quot;,&quot;xl&quot;:&quot;1&quot;},&quot;bt_bb_icon_size_&quot;:{&quot;current_class&quot;:&quot;bt_bb_icon_size_normal&quot;,&quot;def&quot;:&quot;normal&quot;,&quot;xl&quot;:&quot;normal&quot;},&quot;bt_bb_text_size_&quot;:{&quot;current_class&quot;:&quot;bt_bb_text_size_normal&quot;,&quot;def&quot;:&quot;normal&quot;,&quot;xl&quot;:&quot;normal&quot;}}\"><div class=\"bt_bb_separator_v2_inner\"><span class=\"bt_bb_separator_v2_inner_before\"><\/span><span class=\"bt_bb_separator_v2_inner_content\"><span  data-ico-=\"&#x;\" class=\"bt_bb_icon_holder\"><\/span><\/span><span class=\"bt_bb_separator_v2_inner_after\"><\/span><\/div><\/div><\/div><\/div><\/div><div data-bb-version=\"4.6.1\"  class=\"bt_bb_column col-xxl-6 col-xl-6 col-xs-12 col-sm-6 col-md-6 col-lg-6 bt_bb_vertical_align_top bt_bb_align_left bt_bb_padding_normal bt_bb_shape_inherit\" style=\"; --column-width:6;\" data-width=\"6\" data-bt-override-class=\"{}\"><div class=\"bt_bb_column_content\"><div class=\"bt_bb_column_content_inner\"><header data-bb-version=\"4.9.1\" class=\"bt_bb_headline bt_bb_subheadline_text_transform_default bt_bb_dash_none bt_bb_subheadline bt_bb_size_medium bt_bb_align_inherit\" data-bt-override-class=\"{&quot;bt_bb_size_&quot;:{&quot;current_class&quot;:&quot;bt_bb_size_medium&quot;,&quot;def&quot;:&quot;medium&quot;},&quot;bt_bb_align_&quot;:{&quot;current_class&quot;:&quot;bt_bb_align_inherit&quot;,&quot;def&quot;:&quot;inherit&quot;}}\"><h4 class=\"bt_bb_headline_tag\"><span class=\"bt_bb_headline_content\"><span>Rendihinnad<\/span><\/span><\/h4><div class=\"bt_bb_headline_subheadline\">Rendihinnas sisaldub elektrit\u00f5uks, kiiver, laadija ning soovi korral ka juhendamine.<\/div><\/header><div class=\"bt_bb_separator_v2 bt_bb_border_style_none bt_bb_top_spacing_none bt_bb_bottom_spacing_40 bt_bb_border_thickness_1 bt_bb_icon_size_normal bt_bb_text_size_normal bt_bb_separator_v2_without_content\" data-bt-override-class=\"{&quot;bt_bb_top_spacing_&quot;:{&quot;current_class&quot;:&quot;bt_bb_top_spacing_none&quot;,&quot;def&quot;:&quot;none&quot;,&quot;xl&quot;:&quot;none&quot;},&quot;bt_bb_bottom_spacing_&quot;:{&quot;current_class&quot;:&quot;bt_bb_bottom_spacing_40&quot;,&quot;def&quot;:&quot;40&quot;,&quot;xl&quot;:&quot;40&quot;},&quot;bt_bb_border_thickness_&quot;:{&quot;current_class&quot;:&quot;bt_bb_border_thickness_1&quot;,&quot;def&quot;:&quot;1&quot;,&quot;xl&quot;:&quot;1&quot;},&quot;bt_bb_icon_size_&quot;:{&quot;current_class&quot;:&quot;bt_bb_icon_size_normal&quot;,&quot;def&quot;:&quot;normal&quot;,&quot;xl&quot;:&quot;normal&quot;},&quot;bt_bb_text_size_&quot;:{&quot;current_class&quot;:&quot;bt_bb_text_size_normal&quot;,&quot;def&quot;:&quot;normal&quot;,&quot;xl&quot;:&quot;normal&quot;}}\"><div class=\"bt_bb_separator_v2_inner\"><span class=\"bt_bb_separator_v2_inner_before\"><\/span><span class=\"bt_bb_separator_v2_inner_content\"><span  data-ico-=\"&#x;\" class=\"bt_bb_icon_holder\"><\/span><\/span><span class=\"bt_bb_separator_v2_inner_after\"><\/span><\/div><\/div><div data-bb-version=\"4.9.1\" class=\"bt_bb_individual_price bt_bb_color_scheme_3 btNoText\" style=\"; --primary-color:var(--accent-color); --secondary-color:#282828;\" ><div class=\"bt_bb_individual_price_title_price\"><div class=\"bt_bb_individual_price_title\"><span>RENT 1 P\u00c4EV<\/span><\/div><div class=\"bt_bb_individual_price_separator\"><\/div><div class=\"bt_bb_individual_price_price\"><span>20.00 \u20ac<\/span><\/div><\/div><\/div><div class=\"bt_bb_separator_v2 bt_bb_border_style_none bt_bb_top_spacing_none bt_bb_bottom_spacing_40 bt_bb_border_thickness_1 bt_bb_icon_size_normal bt_bb_text_size_normal bt_bb_separator_v2_without_content\" data-bt-override-class=\"{&quot;bt_bb_top_spacing_&quot;:{&quot;current_class&quot;:&quot;bt_bb_top_spacing_none&quot;,&quot;def&quot;:&quot;none&quot;,&quot;xl&quot;:&quot;none&quot;},&quot;bt_bb_bottom_spacing_&quot;:{&quot;current_class&quot;:&quot;bt_bb_bottom_spacing_40&quot;,&quot;def&quot;:&quot;40&quot;,&quot;xl&quot;:&quot;40&quot;},&quot;bt_bb_border_thickness_&quot;:{&quot;current_class&quot;:&quot;bt_bb_border_thickness_1&quot;,&quot;def&quot;:&quot;1&quot;,&quot;xl&quot;:&quot;1&quot;},&quot;bt_bb_icon_size_&quot;:{&quot;current_class&quot;:&quot;bt_bb_icon_size_normal&quot;,&quot;def&quot;:&quot;normal&quot;,&quot;xl&quot;:&quot;normal&quot;},&quot;bt_bb_text_size_&quot;:{&quot;current_class&quot;:&quot;bt_bb_text_size_normal&quot;,&quot;def&quot;:&quot;normal&quot;,&quot;xl&quot;:&quot;normal&quot;}}\"><div class=\"bt_bb_separator_v2_inner\"><span class=\"bt_bb_separator_v2_inner_before\"><\/span><span class=\"bt_bb_separator_v2_inner_content\"><span  data-ico-=\"&#x;\" class=\"bt_bb_icon_holder\"><\/span><\/span><span class=\"bt_bb_separator_v2_inner_after\"><\/span><\/div><\/div><div data-bb-version=\"4.9.1\" class=\"bt_bb_individual_price bt_bb_color_scheme_3 btNoText\" style=\"; --primary-color:var(--accent-color); --secondary-color:#282828;\" ><div class=\"bt_bb_individual_price_title_price\"><div class=\"bt_bb_individual_price_title\"><span>RENT 3 P\u00c4EVA<\/span><\/div><div class=\"bt_bb_individual_price_separator\"><\/div><div class=\"bt_bb_individual_price_price\"><span>45.00 \u20ac (15 \u20ac\/p\u00e4ev)<\/span><\/div><\/div><\/div><div class=\"bt_bb_separator_v2 bt_bb_border_style_none bt_bb_top_spacing_none bt_bb_bottom_spacing_40 bt_bb_border_thickness_1 bt_bb_icon_size_normal bt_bb_text_size_normal bt_bb_separator_v2_without_content\" data-bt-override-class=\"{&quot;bt_bb_top_spacing_&quot;:{&quot;current_class&quot;:&quot;bt_bb_top_spacing_none&quot;,&quot;def&quot;:&quot;none&quot;,&quot;xl&quot;:&quot;none&quot;},&quot;bt_bb_bottom_spacing_&quot;:{&quot;current_class&quot;:&quot;bt_bb_bottom_spacing_40&quot;,&quot;def&quot;:&quot;40&quot;,&quot;xl&quot;:&quot;40&quot;},&quot;bt_bb_border_thickness_&quot;:{&quot;current_class&quot;:&quot;bt_bb_border_thickness_1&quot;,&quot;def&quot;:&quot;1&quot;,&quot;xl&quot;:&quot;1&quot;},&quot;bt_bb_icon_size_&quot;:{&quot;current_class&quot;:&quot;bt_bb_icon_size_normal&quot;,&quot;def&quot;:&quot;normal&quot;,&quot;xl&quot;:&quot;normal&quot;},&quot;bt_bb_text_size_&quot;:{&quot;current_class&quot;:&quot;bt_bb_text_size_normal&quot;,&quot;def&quot;:&quot;normal&quot;,&quot;xl&quot;:&quot;normal&quot;}}\"><div class=\"bt_bb_separator_v2_inner\"><span class=\"bt_bb_separator_v2_inner_before\"><\/span><span class=\"bt_bb_separator_v2_inner_content\"><span  data-ico-=\"&#x;\" class=\"bt_bb_icon_holder\"><\/span><\/span><span class=\"bt_bb_separator_v2_inner_after\"><\/span><\/div><\/div><div data-bb-version=\"4.9.1\" class=\"bt_bb_individual_price bt_bb_color_scheme_3 btNoText\" style=\"; --primary-color:var(--accent-color); --secondary-color:#282828;\" ><div class=\"bt_bb_individual_price_title_price\"><div class=\"bt_bb_individual_price_title\"><span>RENT N\u00c4DALAKS<\/span><\/div><div class=\"bt_bb_individual_price_separator\"><\/div><div class=\"bt_bb_individual_price_price\"><span>100.00 \u20ac (uus, soodsam hind)<\/span><\/div><\/div><\/div><div class=\"bt_bb_separator_v2 bt_bb_border_style_none bt_bb_top_spacing_none bt_bb_bottom_spacing_40 bt_bb_border_thickness_1 bt_bb_icon_size_normal bt_bb_text_size_normal bt_bb_separator_v2_without_content\" data-bt-override-class=\"{&quot;bt_bb_top_spacing_&quot;:{&quot;current_class&quot;:&quot;bt_bb_top_spacing_none&quot;,&quot;def&quot;:&quot;none&quot;,&quot;xl&quot;:&quot;none&quot;},&quot;bt_bb_bottom_spacing_&quot;:{&quot;current_class&quot;:&quot;bt_bb_bottom_spacing_40&quot;,&quot;def&quot;:&quot;40&quot;,&quot;xl&quot;:&quot;40&quot;},&quot;bt_bb_border_thickness_&quot;:{&quot;current_class&quot;:&quot;bt_bb_border_thickness_1&quot;,&quot;def&quot;:&quot;1&quot;,&quot;xl&quot;:&quot;1&quot;},&quot;bt_bb_icon_size_&quot;:{&quot;current_class&quot;:&quot;bt_bb_icon_size_normal&quot;,&quot;def&quot;:&quot;normal&quot;,&quot;xl&quot;:&quot;normal&quot;},&quot;bt_bb_text_size_&quot;:{&quot;current_class&quot;:&quot;bt_bb_text_size_normal&quot;,&quot;def&quot;:&quot;normal&quot;,&quot;xl&quot;:&quot;normal&quot;}}\"><div class=\"bt_bb_separator_v2_inner\"><span class=\"bt_bb_separator_v2_inner_before\"><\/span><span class=\"bt_bb_separator_v2_inner_content\"><span  data-ico-=\"&#x;\" class=\"bt_bb_icon_holder\"><\/span><\/span><span class=\"bt_bb_separator_v2_inner_after\"><\/span><\/div><\/div><\/div><\/div><\/div><\/div><\/div><\/div><!-- cell_inner --><\/div><!-- cell --><\/div><!-- port --><\/section><section data-bb-version=\"4.6.1\" id=\"bt_bb_section69d453466ed59\" class=\"bt_bb_section bt_bb_layout_boxed_1200\"  data-bt-override-class=\"null\"><div class=\"bt_bb_port\"><div class=\"bt_bb_cell\"><div class=\"bt_bb_cell_inner\"><div class=\"bt_bb_row \"  data-bt-override-class=\"{}\"><div class=\"bt_bb_row_holder\" ><div data-bb-version=\"4.6.1\"  class=\"bt_bb_column col-xxl-12 col-xl-12 col-xs-12 col-sm-12 col-md-12 col-lg-12 bt_bb_vertical_align_top bt_bb_align_left bt_bb_padding_normal bt_bb_shape_inherit\" style=\"; --column-width:12;\" data-width=\"12\" data-bt-override-class=\"{}\"><div class=\"bt_bb_column_content\"><div class=\"bt_bb_column_content_inner\"><div data-bb-version=\"4.6.1\"  class=\"bt_bb_text\" ><\/p>\n<p style=\"text-align: center;\"><strong>Hooaeg l\u00f5ppenud, kohtumiseni kevadel!<\/strong><\/p>\n<p>\n<\/div><\/div><\/div><\/div><\/div><\/div><\/div><!-- cell_inner --><\/div><!-- cell --><\/div><!-- port --><\/section><\/p>\n","protected":false},"excerpt":{"rendered":"<p>Elektrit\u00f5ukeratas Ninebot F40E on kaasaegse disainiga ja pakub s\u00f5idumugavust, stabiilsust ja turvalisust. T\u00e4nu kergele kaalule on see mugav, lisaks on t\u00f5uksil 10-tollised pneumaatilised sisekummiga rehvid, mis summutavad p\u00f5rutusi ja kulgevad sujuvalt \u00fcle ebatasasuste. Erinevad s\u00f5idure\u017eiimid on \u00f6konoomne, standard ja sportlik. Kiirus kuni 25 km\/h.<\/p>\n<p>Segway Ninebot F40E ja lapsele Zing C10 elektrit\u00f5ukeratas &#8211; ideaalne kombinatsioon vanemale ja lapsele. Rendi ja koge l\u00f5busat s\u00f5itu linnat\u00e4navatel v\u00f5i parkides. Need mudelid on loodud mugavuseks, stiiliks ja turvaliseks s\u00f5iduks. \u00a0L\u00f5bus ja keskkonnas\u00f5bralik viis suurep\u00e4raseks ajaveetmiseks! Kas olete valmis \u00fchiseks seikluseks? Broneeri t\u00f5uksid juba t\u00e4na ja looge uusi kauakestvaid m\u00e4lestusi! \ud83c\udf43\ud83d\udc69\u200d\ud83d\udc66<\/p>\n","protected":false},"featured_media":5790,"template":"","meta":{"_monsterinsights_skip_tracking":false,"_monsterinsights_sitenote_active":false,"_monsterinsights_sitenote_note":"","_monsterinsights_sitenote_category":0},"product_brand":[],"product_cat":[66],"product_tag":[],"class_list":{"0":"post-4360","1":"product","2":"type-product","3":"status-publish","4":"has-post-thumbnail","6":"product_cat-taiskasvanutele","8":"first","9":"instock","10":"virtual","11":"taxable","12":"purchasable","13":"product-type-simple"},"yoast_head":"<!-- This site is optimized with the Yoast SEO plugin v27.3 - https:\/\/yoast.com\/product\/yoast-seo-wordpress\/ -->\n<title>Elektrit\u00f5ukeratta rent t\u00e4iskasvanule ja lapsele vanuses 8-14<\/title>\n<meta name=\"description\" content=\"Rendi elektrit\u00f5ukeratas endale ja lapsele ning nautige P\u00e4rnus s\u00f5itmist. Valikus Segway F40E t\u00e4iskasvanule ja Segway C10 lapsele vanuses 8-14\" \/>\n<meta name=\"robots\" content=\"index, follow, max-snippet:-1, max-image-preview:large, max-video-preview:-1\" \/>\n<link rel=\"canonical\" href=\"https:\/\/sahku.ee\/rent\/ninebot-f40e-zing-c10\/\" \/>\n<meta property=\"og:locale\" content=\"en_US\" \/>\n<meta property=\"og:type\" content=\"article\" \/>\n<meta property=\"og:title\" content=\"Elektrit\u00f5ukeratta rent t\u00e4iskasvanule ja lapsele vanuses 8-14\" \/>\n<meta property=\"og:description\" content=\"Rendi elektrit\u00f5ukeratas endale ja lapsele ning nautige P\u00e4rnus s\u00f5itmist. Valikus Segway F40E t\u00e4iskasvanule ja Segway C10 lapsele vanuses 8-14\" \/>\n<meta property=\"og:url\" content=\"https:\/\/sahku.ee\/rent\/ninebot-f40e-zing-c10\/\" \/>\n<meta property=\"og:site_name\" content=\"S\u00e4hku\" \/>\n<meta property=\"article:modified_time\" content=\"2024-09-30T19:23:11+00:00\" \/>\n<meta property=\"og:image\" content=\"https:\/\/sahku.ee\/wp-content\/uploads\/2023\/05\/Segway-Ninebot-F25E-toukeratta-rent-valge.jpg\" \/>\n\t<meta property=\"og:image:width\" content=\"800\" \/>\n\t<meta property=\"og:image:height\" content=\"800\" \/>\n\t<meta property=\"og:image:type\" content=\"image\/jpeg\" \/>\n<meta name=\"twitter:card\" content=\"summary_large_image\" \/>\n<meta name=\"twitter:label1\" content=\"Est. reading time\" \/>\n\t<meta name=\"twitter:data1\" content=\"1 minute\" \/>\n<script type=\"application\/ld+json\" class=\"yoast-schema-graph\">{\"@context\":\"https:\\\/\\\/schema.org\",\"@graph\":[{\"@type\":\"WebPage\",\"@id\":\"https:\\\/\\\/sahku.ee\\\/rent\\\/ninebot-f40e-zing-c10\\\/\",\"url\":\"https:\\\/\\\/sahku.ee\\\/rent\\\/ninebot-f40e-zing-c10\\\/\",\"name\":\"Elektrit\u00f5ukeratta rent t\u00e4iskasvanule ja lapsele vanuses 8-14\",\"isPartOf\":{\"@id\":\"https:\\\/\\\/sahku.ee\\\/#website\"},\"primaryImageOfPage\":{\"@id\":\"https:\\\/\\\/sahku.ee\\\/rent\\\/ninebot-f40e-zing-c10\\\/#primaryimage\"},\"image\":{\"@id\":\"https:\\\/\\\/sahku.ee\\\/rent\\\/ninebot-f40e-zing-c10\\\/#primaryimage\"},\"thumbnailUrl\":\"https:\\\/\\\/sahku.ee\\\/wp-content\\\/uploads\\\/2023\\\/05\\\/Segway-Ninebot-F25E-toukeratta-rent-valge.jpg\",\"datePublished\":\"2023-05-19T10:15:00+00:00\",\"dateModified\":\"2024-09-30T19:23:11+00:00\",\"description\":\"Rendi elektrit\u00f5ukeratas endale ja lapsele ning nautige P\u00e4rnus s\u00f5itmist. Valikus Segway F40E t\u00e4iskasvanule ja Segway C10 lapsele vanuses 8-14\",\"breadcrumb\":{\"@id\":\"https:\\\/\\\/sahku.ee\\\/rent\\\/ninebot-f40e-zing-c10\\\/#breadcrumb\"},\"inLanguage\":\"en-US\",\"potentialAction\":[{\"@type\":\"ReadAction\",\"target\":[\"https:\\\/\\\/sahku.ee\\\/rent\\\/ninebot-f40e-zing-c10\\\/\"]}]},{\"@type\":\"ImageObject\",\"inLanguage\":\"en-US\",\"@id\":\"https:\\\/\\\/sahku.ee\\\/rent\\\/ninebot-f40e-zing-c10\\\/#primaryimage\",\"url\":\"https:\\\/\\\/sahku.ee\\\/wp-content\\\/uploads\\\/2023\\\/05\\\/Segway-Ninebot-F25E-toukeratta-rent-valge.jpg\",\"contentUrl\":\"https:\\\/\\\/sahku.ee\\\/wp-content\\\/uploads\\\/2023\\\/05\\\/Segway-Ninebot-F25E-toukeratta-rent-valge.jpg\",\"width\":800,\"height\":800,\"caption\":\"Segway-Ninebot-F25E-t\u00f5ukeratta-rent-valge\"},{\"@type\":\"BreadcrumbList\",\"@id\":\"https:\\\/\\\/sahku.ee\\\/rent\\\/ninebot-f40e-zing-c10\\\/#breadcrumb\",\"itemListElement\":[{\"@type\":\"ListItem\",\"position\":1,\"name\":\"S\u00e4hku\",\"item\":\"https:\\\/\\\/sahku.ee\\\/\"},{\"@type\":\"ListItem\",\"position\":2,\"name\":\"Rendi t\u00f5ukerattad\",\"item\":\"https:\\\/\\\/sahku.ee\\\/rendi-toukerattad\\\/\"},{\"@type\":\"ListItem\",\"position\":3,\"name\":\"Ninebot F40E\"}]},{\"@type\":\"WebSite\",\"@id\":\"https:\\\/\\\/sahku.ee\\\/#website\",\"url\":\"https:\\\/\\\/sahku.ee\\\/\",\"name\":\"S\u00e4hku.ee\",\"description\":\"Elektrit\u00f5ukside rent lastele P\u00e4rnus\",\"publisher\":{\"@id\":\"https:\\\/\\\/sahku.ee\\\/#organization\"},\"alternateName\":\"S\u00e4hku\",\"potentialAction\":[{\"@type\":\"SearchAction\",\"target\":{\"@type\":\"EntryPoint\",\"urlTemplate\":\"https:\\\/\\\/sahku.ee\\\/?s={search_term_string}\"},\"query-input\":{\"@type\":\"PropertyValueSpecification\",\"valueRequired\":true,\"valueName\":\"search_term_string\"}}],\"inLanguage\":\"en-US\"},{\"@type\":\"Organization\",\"@id\":\"https:\\\/\\\/sahku.ee\\\/#organization\",\"name\":\"Trett O\u00dc\",\"alternateName\":\"S\u00e4hku\",\"url\":\"https:\\\/\\\/sahku.ee\\\/\",\"logo\":{\"@type\":\"ImageObject\",\"inLanguage\":\"en-US\",\"@id\":\"https:\\\/\\\/sahku.ee\\\/#\\\/schema\\\/logo\\\/image\\\/\",\"url\":\"https:\\\/\\\/sahku.ee\\\/wp-content\\\/uploads\\\/2023\\\/07\\\/cropped-Sahku-uus-favicon.png\",\"contentUrl\":\"https:\\\/\\\/sahku.ee\\\/wp-content\\\/uploads\\\/2023\\\/07\\\/cropped-Sahku-uus-favicon.png\",\"width\":512,\"height\":512,\"caption\":\"Trett O\u00dc\"},\"image\":{\"@id\":\"https:\\\/\\\/sahku.ee\\\/#\\\/schema\\\/logo\\\/image\\\/\"}}]}<\/script>\n<!-- \/ Yoast SEO plugin. -->","yoast_head_json":{"title":"Elektrit\u00f5ukeratta rent t\u00e4iskasvanule ja lapsele vanuses 8-14","description":"Rendi elektrit\u00f5ukeratas endale ja lapsele ning nautige P\u00e4rnus s\u00f5itmist. Valikus Segway F40E t\u00e4iskasvanule ja Segway C10 lapsele vanuses 8-14","robots":{"index":"index","follow":"follow","max-snippet":"max-snippet:-1","max-image-preview":"max-image-preview:large","max-video-preview":"max-video-preview:-1"},"canonical":"https:\/\/sahku.ee\/rent\/ninebot-f40e-zing-c10\/","og_locale":"en_US","og_type":"article","og_title":"Elektrit\u00f5ukeratta rent t\u00e4iskasvanule ja lapsele vanuses 8-14","og_description":"Rendi elektrit\u00f5ukeratas endale ja lapsele ning nautige P\u00e4rnus s\u00f5itmist. Valikus Segway F40E t\u00e4iskasvanule ja Segway C10 lapsele vanuses 8-14","og_url":"https:\/\/sahku.ee\/rent\/ninebot-f40e-zing-c10\/","og_site_name":"S\u00e4hku","article_modified_time":"2024-09-30T19:23:11+00:00","og_image":[{"width":800,"height":800,"url":"https:\/\/sahku.ee\/wp-content\/uploads\/2023\/05\/Segway-Ninebot-F25E-toukeratta-rent-valge.jpg","type":"image\/jpeg"}],"twitter_card":"summary_large_image","twitter_misc":{"Est. reading time":"1 minute"},"schema":{"@context":"https:\/\/schema.org","@graph":[{"@type":"WebPage","@id":"https:\/\/sahku.ee\/rent\/ninebot-f40e-zing-c10\/","url":"https:\/\/sahku.ee\/rent\/ninebot-f40e-zing-c10\/","name":"Elektrit\u00f5ukeratta rent t\u00e4iskasvanule ja lapsele vanuses 8-14","isPartOf":{"@id":"https:\/\/sahku.ee\/#website"},"primaryImageOfPage":{"@id":"https:\/\/sahku.ee\/rent\/ninebot-f40e-zing-c10\/#primaryimage"},"image":{"@id":"https:\/\/sahku.ee\/rent\/ninebot-f40e-zing-c10\/#primaryimage"},"thumbnailUrl":"https:\/\/sahku.ee\/wp-content\/uploads\/2023\/05\/Segway-Ninebot-F25E-toukeratta-rent-valge.jpg","datePublished":"2023-05-19T10:15:00+00:00","dateModified":"2024-09-30T19:23:11+00:00","description":"Rendi elektrit\u00f5ukeratas endale ja lapsele ning nautige P\u00e4rnus s\u00f5itmist. Valikus Segway F40E t\u00e4iskasvanule ja Segway C10 lapsele vanuses 8-14","breadcrumb":{"@id":"https:\/\/sahku.ee\/rent\/ninebot-f40e-zing-c10\/#breadcrumb"},"inLanguage":"en-US","potentialAction":[{"@type":"ReadAction","target":["https:\/\/sahku.ee\/rent\/ninebot-f40e-zing-c10\/"]}]},{"@type":"ImageObject","inLanguage":"en-US","@id":"https:\/\/sahku.ee\/rent\/ninebot-f40e-zing-c10\/#primaryimage","url":"https:\/\/sahku.ee\/wp-content\/uploads\/2023\/05\/Segway-Ninebot-F25E-toukeratta-rent-valge.jpg","contentUrl":"https:\/\/sahku.ee\/wp-content\/uploads\/2023\/05\/Segway-Ninebot-F25E-toukeratta-rent-valge.jpg","width":800,"height":800,"caption":"Segway-Ninebot-F25E-t\u00f5ukeratta-rent-valge"},{"@type":"BreadcrumbList","@id":"https:\/\/sahku.ee\/rent\/ninebot-f40e-zing-c10\/#breadcrumb","itemListElement":[{"@type":"ListItem","position":1,"name":"S\u00e4hku","item":"https:\/\/sahku.ee\/"},{"@type":"ListItem","position":2,"name":"Rendi t\u00f5ukerattad","item":"https:\/\/sahku.ee\/rendi-toukerattad\/"},{"@type":"ListItem","position":3,"name":"Ninebot F40E"}]},{"@type":"WebSite","@id":"https:\/\/sahku.ee\/#website","url":"https:\/\/sahku.ee\/","name":"S\u00e4hku.ee","description":"Elektrit\u00f5ukside rent lastele P\u00e4rnus","publisher":{"@id":"https:\/\/sahku.ee\/#organization"},"alternateName":"S\u00e4hku","potentialAction":[{"@type":"SearchAction","target":{"@type":"EntryPoint","urlTemplate":"https:\/\/sahku.ee\/?s={search_term_string}"},"query-input":{"@type":"PropertyValueSpecification","valueRequired":true,"valueName":"search_term_string"}}],"inLanguage":"en-US"},{"@type":"Organization","@id":"https:\/\/sahku.ee\/#organization","name":"Trett O\u00dc","alternateName":"S\u00e4hku","url":"https:\/\/sahku.ee\/","logo":{"@type":"ImageObject","inLanguage":"en-US","@id":"https:\/\/sahku.ee\/#\/schema\/logo\/image\/","url":"https:\/\/sahku.ee\/wp-content\/uploads\/2023\/07\/cropped-Sahku-uus-favicon.png","contentUrl":"https:\/\/sahku.ee\/wp-content\/uploads\/2023\/07\/cropped-Sahku-uus-favicon.png","width":512,"height":512,"caption":"Trett O\u00dc"},"image":{"@id":"https:\/\/sahku.ee\/#\/schema\/logo\/image\/"}}]}},"_links":{"self":[{"href":"https:\/\/sahku.ee\/en\/wp-json\/wp\/v2\/product\/4360","targetHints":{"allow":["GET"]}}],"collection":[{"href":"https:\/\/sahku.ee\/en\/wp-json\/wp\/v2\/product"}],"about":[{"href":"https:\/\/sahku.ee\/en\/wp-json\/wp\/v2\/types\/product"}],"wp:featuredmedia":[{"embeddable":true,"href":"https:\/\/sahku.ee\/en\/wp-json\/wp\/v2\/media\/5790"}],"wp:attachment":[{"href":"https:\/\/sahku.ee\/en\/wp-json\/wp\/v2\/media?parent=4360"}],"wp:term":[{"taxonomy":"product_brand","embeddable":true,"href":"https:\/\/sahku.ee\/en\/wp-json\/wp\/v2\/product_brand?post=4360"},{"taxonomy":"product_cat","embeddable":true,"href":"https:\/\/sahku.ee\/en\/wp-json\/wp\/v2\/product_cat?post=4360"},{"taxonomy":"product_tag","embeddable":true,"href":"https:\/\/sahku.ee\/en\/wp-json\/wp\/v2\/product_tag?post=4360"}],"curies":[{"name":"wp","href":"https:\/\/api.w.org\/{rel}","templated":true}]}}