
{"id":3386,"date":"2023-03-17T18:28:41","date_gmt":"2023-03-17T18:28:41","guid":{"rendered":"https:\/\/sahku.ee\/?post_type=product&#038;p=3386"},"modified":"2024-09-30T22:21:46","modified_gmt":"2024-09-30T19:21:46","slug":"ninebot-zing-c10","status":"publish","type":"product","link":"https:\/\/sahku.ee\/en\/rent\/ninebot-zing-c10\/","title":{"rendered":"Ninebot Zing C10"},"content":{"rendered":"<p><section data-bb-version=\"4.6.1\" id=\"bt_bb_section69d4411e31f35\" class=\"bt_bb_section bt_bb_layout_boxed_1200\"  data-bt-override-class=\"null\"><div class=\"bt_bb_port\"><div class=\"bt_bb_cell\"><div class=\"bt_bb_cell_inner\"><div class=\"bt_bb_row \"  data-bt-override-class=\"{}\"><div class=\"bt_bb_row_holder\" ><div data-bb-version=\"4.6.1\"  class=\"bt_bb_column col-xxl-6 col-xl-6 col-xs-12 col-sm-6 col-md-6 col-lg-6 bt_bb_vertical_align_top bt_bb_align_left bt_bb_padding_normal bt_bb_shape_inherit\" style=\"; --column-width:6;\" data-width=\"6\" data-bt-override-class=\"{}\"><div class=\"bt_bb_column_content\"><div class=\"bt_bb_column_content_inner\"><header data-bb-version=\"4.6.1\" class=\"bt_bb_headline bt_bb_subheadline_text_transform_default bt_bb_dash_none bt_bb_size_medium bt_bb_align_inherit\" data-bt-override-class=\"{&quot;bt_bb_size_&quot;:{&quot;current_class&quot;:&quot;bt_bb_size_medium&quot;,&quot;def&quot;:&quot;medium&quot;},&quot;bt_bb_align_&quot;:{&quot;current_class&quot;:&quot;bt_bb_align_inherit&quot;,&quot;def&quot;:&quot;inherit&quot;}}\"><h4 class=\"bt_bb_headline_tag\"><span class=\"bt_bb_headline_content\"><span>Segway-Ninebot Zing C10 <\/span><\/span><\/h4><\/header><div data-bb-version=\"4.6.1\" class=\"bt_bb_separator_v2 bt_bb_border_style_none bt_bb_top_spacing_none bt_bb_bottom_spacing_20 bt_bb_border_thickness_1 bt_bb_icon_size_normal bt_bb_text_size_normal bt_bb_separator_v2_without_content\" data-bt-override-class=\"{&quot;bt_bb_top_spacing_&quot;:{&quot;current_class&quot;:&quot;bt_bb_top_spacing_none&quot;,&quot;def&quot;:&quot;none&quot;},&quot;bt_bb_bottom_spacing_&quot;:{&quot;current_class&quot;:&quot;bt_bb_bottom_spacing_20&quot;,&quot;def&quot;:&quot;20&quot;},&quot;bt_bb_border_thickness_&quot;:{&quot;current_class&quot;:&quot;bt_bb_border_thickness_1&quot;,&quot;def&quot;:&quot;1&quot;},&quot;bt_bb_icon_size_&quot;:{&quot;current_class&quot;:&quot;bt_bb_icon_size_normal&quot;,&quot;def&quot;:&quot;normal&quot;},&quot;bt_bb_text_size_&quot;:{&quot;current_class&quot;:&quot;bt_bb_text_size_normal&quot;,&quot;def&quot;:&quot;normal&quot;}}\"><div class=\"bt_bb_separator_v2_inner\"><span class=\"bt_bb_separator_v2_inner_before\"><\/span><span class=\"bt_bb_separator_v2_inner_content\"><span  data-ico-=\"&#x;\" class=\"bt_bb_icon_holder\"><\/span><\/span><span class=\"bt_bb_separator_v2_inner_after\"><\/span><\/div><\/div><div data-bb-version=\"4.6.1\" class=\"bt_bb_video bt_bb_disable_controls_no\"><div class=\"bt-video-container\"><div style=\"width: 100%;\" class=\"wp-video\"><video class=\"wp-video-shortcode\" id=\"video-3386-1\" width=\"640\" height=\"360\" preload=\"metadata\" controls=\"controls\"><source type=\"video\/youtube\" src=\"https:\/\/www.youtube.com\/watch?v=zsvC9A7TbHw&#038;_=1\" \/><a href=\"https:\/\/www.youtube.com\/watch?v=zsvC9A7TbHw\">https:\/\/www.youtube.com\/watch?v=zsvC9A7TbHw<\/a><\/video><\/div><\/div><\/div><div class=\"bt_bb_separator_v2 bt_bb_border_style_none bt_bb_top_spacing_none bt_bb_bottom_spacing_40 bt_bb_border_thickness_1 bt_bb_icon_size_normal bt_bb_text_size_normal bt_bb_separator_v2_without_content\" data-bt-override-class=\"{&quot;bt_bb_top_spacing_&quot;:{&quot;current_class&quot;:&quot;bt_bb_top_spacing_none&quot;,&quot;def&quot;:&quot;none&quot;,&quot;xl&quot;:&quot;none&quot;},&quot;bt_bb_bottom_spacing_&quot;:{&quot;current_class&quot;:&quot;bt_bb_bottom_spacing_40&quot;,&quot;def&quot;:&quot;40&quot;,&quot;xl&quot;:&quot;40&quot;},&quot;bt_bb_border_thickness_&quot;:{&quot;current_class&quot;:&quot;bt_bb_border_thickness_1&quot;,&quot;def&quot;:&quot;1&quot;,&quot;xl&quot;:&quot;1&quot;},&quot;bt_bb_icon_size_&quot;:{&quot;current_class&quot;:&quot;bt_bb_icon_size_normal&quot;,&quot;def&quot;:&quot;normal&quot;,&quot;xl&quot;:&quot;normal&quot;},&quot;bt_bb_text_size_&quot;:{&quot;current_class&quot;:&quot;bt_bb_text_size_normal&quot;,&quot;def&quot;:&quot;normal&quot;,&quot;xl&quot;:&quot;normal&quot;}}\"><div class=\"bt_bb_separator_v2_inner\"><span class=\"bt_bb_separator_v2_inner_before\"><\/span><span class=\"bt_bb_separator_v2_inner_content\"><span  data-ico-=\"&#x;\" class=\"bt_bb_icon_holder\"><\/span><\/span><span class=\"bt_bb_separator_v2_inner_after\"><\/span><\/div><\/div><\/div><\/div><\/div><div data-bb-version=\"4.6.1\"  class=\"bt_bb_column col-xxl-6 col-xl-6 col-xs-12 col-sm-6 col-md-6 col-lg-6 bt_bb_vertical_align_top bt_bb_align_left bt_bb_padding_normal bt_bb_shape_inherit\" style=\"; --column-width:6;\" data-width=\"6\" data-bt-override-class=\"{}\"><div class=\"bt_bb_column_content\"><div class=\"bt_bb_column_content_inner\"><header data-bb-version=\"4.6.1\" class=\"bt_bb_headline bt_bb_subheadline_text_transform_default bt_bb_dash_none bt_bb_subheadline bt_bb_size_medium bt_bb_align_inherit\" data-bt-override-class=\"{&quot;bt_bb_size_&quot;:{&quot;current_class&quot;:&quot;bt_bb_size_medium&quot;,&quot;def&quot;:&quot;medium&quot;},&quot;bt_bb_align_&quot;:{&quot;current_class&quot;:&quot;bt_bb_align_inherit&quot;,&quot;def&quot;:&quot;inherit&quot;}}\"><h4 class=\"bt_bb_headline_tag\"><span class=\"bt_bb_headline_content\"><span>Rendihinnad<\/span><\/span><\/h4><div class=\"bt_bb_headline_subheadline\">Rendihinnas sisaldub elektrit\u00f5uks, kiiver, juhendamine ja soovi korral lisatasu eest ka laste p\u00f5lve- ja k\u00fc\u00fcnarnukikaitsmed.<\/div><\/header><div class=\"bt_bb_separator_v2 bt_bb_border_style_none bt_bb_top_spacing_none bt_bb_bottom_spacing_40 bt_bb_border_thickness_1 bt_bb_icon_size_normal bt_bb_text_size_normal bt_bb_separator_v2_without_content\" data-bt-override-class=\"{&quot;bt_bb_top_spacing_&quot;:{&quot;current_class&quot;:&quot;bt_bb_top_spacing_none&quot;,&quot;def&quot;:&quot;none&quot;,&quot;xl&quot;:&quot;none&quot;},&quot;bt_bb_bottom_spacing_&quot;:{&quot;current_class&quot;:&quot;bt_bb_bottom_spacing_40&quot;,&quot;def&quot;:&quot;40&quot;,&quot;xl&quot;:&quot;40&quot;},&quot;bt_bb_border_thickness_&quot;:{&quot;current_class&quot;:&quot;bt_bb_border_thickness_1&quot;,&quot;def&quot;:&quot;1&quot;,&quot;xl&quot;:&quot;1&quot;},&quot;bt_bb_icon_size_&quot;:{&quot;current_class&quot;:&quot;bt_bb_icon_size_normal&quot;,&quot;def&quot;:&quot;normal&quot;,&quot;xl&quot;:&quot;normal&quot;},&quot;bt_bb_text_size_&quot;:{&quot;current_class&quot;:&quot;bt_bb_text_size_normal&quot;,&quot;def&quot;:&quot;normal&quot;,&quot;xl&quot;:&quot;normal&quot;}}\"><div class=\"bt_bb_separator_v2_inner\"><span class=\"bt_bb_separator_v2_inner_before\"><\/span><span class=\"bt_bb_separator_v2_inner_content\"><span  data-ico-=\"&#x;\" class=\"bt_bb_icon_holder\"><\/span><\/span><span class=\"bt_bb_separator_v2_inner_after\"><\/span><\/div><\/div><div data-bb-version=\"4.5.6\" class=\"bt_bb_individual_price bt_bb_color_scheme_3 btNoText\" style=\"; --primary-color:var(--accent-color); --secondary-color:#282828;\" ><div class=\"bt_bb_individual_price_title_price\"><div class=\"bt_bb_individual_price_title\"><span>RENT 1 P\u00c4EV<\/span><\/div><div class=\"bt_bb_individual_price_separator\"><\/div><div class=\"bt_bb_individual_price_price\"><span>10.00 \u20ac<\/span><\/div><\/div><\/div><div class=\"bt_bb_separator_v2 bt_bb_border_style_none bt_bb_top_spacing_none bt_bb_bottom_spacing_40 bt_bb_border_thickness_1 bt_bb_icon_size_normal bt_bb_text_size_normal bt_bb_separator_v2_without_content\" data-bt-override-class=\"{&quot;bt_bb_top_spacing_&quot;:{&quot;current_class&quot;:&quot;bt_bb_top_spacing_none&quot;,&quot;def&quot;:&quot;none&quot;,&quot;xl&quot;:&quot;none&quot;},&quot;bt_bb_bottom_spacing_&quot;:{&quot;current_class&quot;:&quot;bt_bb_bottom_spacing_40&quot;,&quot;def&quot;:&quot;40&quot;,&quot;xl&quot;:&quot;40&quot;},&quot;bt_bb_border_thickness_&quot;:{&quot;current_class&quot;:&quot;bt_bb_border_thickness_1&quot;,&quot;def&quot;:&quot;1&quot;,&quot;xl&quot;:&quot;1&quot;},&quot;bt_bb_icon_size_&quot;:{&quot;current_class&quot;:&quot;bt_bb_icon_size_normal&quot;,&quot;def&quot;:&quot;normal&quot;,&quot;xl&quot;:&quot;normal&quot;},&quot;bt_bb_text_size_&quot;:{&quot;current_class&quot;:&quot;bt_bb_text_size_normal&quot;,&quot;def&quot;:&quot;normal&quot;,&quot;xl&quot;:&quot;normal&quot;}}\"><div class=\"bt_bb_separator_v2_inner\"><span class=\"bt_bb_separator_v2_inner_before\"><\/span><span class=\"bt_bb_separator_v2_inner_content\"><span  data-ico-=\"&#x;\" class=\"bt_bb_icon_holder\"><\/span><\/span><span class=\"bt_bb_separator_v2_inner_after\"><\/span><\/div><\/div><div data-bb-version=\"4.5.6\" class=\"bt_bb_individual_price bt_bb_color_scheme_3 btNoText\" style=\"; --primary-color:var(--accent-color); --secondary-color:#282828;\" ><div class=\"bt_bb_individual_price_title_price\"><div class=\"bt_bb_individual_price_title\"><span>RENT 3 P\u00c4EVA<\/span><\/div><div class=\"bt_bb_individual_price_separator\"><\/div><div class=\"bt_bb_individual_price_price\"><span>15.00 \u20ac (5 \u20ac\/p\u00e4ev)<\/span><\/div><\/div><\/div><div class=\"bt_bb_separator_v2 bt_bb_border_style_none bt_bb_top_spacing_none bt_bb_bottom_spacing_40 bt_bb_border_thickness_1 bt_bb_icon_size_normal bt_bb_text_size_normal bt_bb_separator_v2_without_content\" data-bt-override-class=\"{&quot;bt_bb_top_spacing_&quot;:{&quot;current_class&quot;:&quot;bt_bb_top_spacing_none&quot;,&quot;def&quot;:&quot;none&quot;,&quot;xl&quot;:&quot;none&quot;},&quot;bt_bb_bottom_spacing_&quot;:{&quot;current_class&quot;:&quot;bt_bb_bottom_spacing_40&quot;,&quot;def&quot;:&quot;40&quot;,&quot;xl&quot;:&quot;40&quot;},&quot;bt_bb_border_thickness_&quot;:{&quot;current_class&quot;:&quot;bt_bb_border_thickness_1&quot;,&quot;def&quot;:&quot;1&quot;,&quot;xl&quot;:&quot;1&quot;},&quot;bt_bb_icon_size_&quot;:{&quot;current_class&quot;:&quot;bt_bb_icon_size_normal&quot;,&quot;def&quot;:&quot;normal&quot;,&quot;xl&quot;:&quot;normal&quot;},&quot;bt_bb_text_size_&quot;:{&quot;current_class&quot;:&quot;bt_bb_text_size_normal&quot;,&quot;def&quot;:&quot;normal&quot;,&quot;xl&quot;:&quot;normal&quot;}}\"><div class=\"bt_bb_separator_v2_inner\"><span class=\"bt_bb_separator_v2_inner_before\"><\/span><span class=\"bt_bb_separator_v2_inner_content\"><span  data-ico-=\"&#x;\" class=\"bt_bb_icon_holder\"><\/span><\/span><span class=\"bt_bb_separator_v2_inner_after\"><\/span><\/div><\/div><div data-bb-version=\"4.5.6\" class=\"bt_bb_individual_price bt_bb_color_scheme_3 btNoText\" style=\"; --primary-color:var(--accent-color); --secondary-color:#282828;\" ><div class=\"bt_bb_individual_price_title_price\"><div class=\"bt_bb_individual_price_title\"><span>RENT N\u00c4DALAKS<\/span><\/div><div class=\"bt_bb_individual_price_separator\"><\/div><div class=\"bt_bb_individual_price_price\"><span>30.00 \u20ac (1 P\u00c4EV TASUTA)<\/span><\/div><\/div><\/div><div class=\"bt_bb_separator_v2 bt_bb_border_style_none bt_bb_top_spacing_none bt_bb_bottom_spacing_40 bt_bb_border_thickness_1 bt_bb_icon_size_normal bt_bb_text_size_normal bt_bb_separator_v2_without_content\" data-bt-override-class=\"{&quot;bt_bb_top_spacing_&quot;:{&quot;current_class&quot;:&quot;bt_bb_top_spacing_none&quot;,&quot;def&quot;:&quot;none&quot;,&quot;xl&quot;:&quot;none&quot;},&quot;bt_bb_bottom_spacing_&quot;:{&quot;current_class&quot;:&quot;bt_bb_bottom_spacing_40&quot;,&quot;def&quot;:&quot;40&quot;,&quot;xl&quot;:&quot;40&quot;},&quot;bt_bb_border_thickness_&quot;:{&quot;current_class&quot;:&quot;bt_bb_border_thickness_1&quot;,&quot;def&quot;:&quot;1&quot;,&quot;xl&quot;:&quot;1&quot;},&quot;bt_bb_icon_size_&quot;:{&quot;current_class&quot;:&quot;bt_bb_icon_size_normal&quot;,&quot;def&quot;:&quot;normal&quot;,&quot;xl&quot;:&quot;normal&quot;},&quot;bt_bb_text_size_&quot;:{&quot;current_class&quot;:&quot;bt_bb_text_size_normal&quot;,&quot;def&quot;:&quot;normal&quot;,&quot;xl&quot;:&quot;normal&quot;}}\"><div class=\"bt_bb_separator_v2_inner\"><span class=\"bt_bb_separator_v2_inner_before\"><\/span><span class=\"bt_bb_separator_v2_inner_content\"><span  data-ico-=\"&#x;\" class=\"bt_bb_icon_holder\"><\/span><\/span><span class=\"bt_bb_separator_v2_inner_after\"><\/span><\/div><\/div><\/div><\/div><\/div><\/div><\/div><\/div><!-- cell_inner --><\/div><!-- cell --><\/div><!-- port --><\/section><section data-bb-version=\"4.6.1\" id=\"bt_bb_section69d4411e33738\" class=\"bt_bb_section bt_bb_layout_boxed_1200\"  data-bt-override-class=\"null\"><div class=\"bt_bb_port\"><div class=\"bt_bb_cell\"><div class=\"bt_bb_cell_inner\"><div class=\"bt_bb_row \"  data-bt-override-class=\"{}\"><div class=\"bt_bb_row_holder\" ><div data-bb-version=\"4.6.1\"  class=\"bt_bb_column col-xxl-12 col-xl-12 col-xs-12 col-sm-12 col-md-12 col-lg-12 bt_bb_vertical_align_top bt_bb_align_left bt_bb_padding_normal bt_bb_shape_inherit\" style=\"; --column-width:12;\" data-width=\"12\" data-bt-override-class=\"{}\"><div class=\"bt_bb_column_content\"><div class=\"bt_bb_column_content_inner\"><div data-bb-version=\"4.6.1\"  class=\"bt_bb_text\" ><\/p>\n<p style=\"text-align: center;\"><strong>Hooaeg l\u00f5ppenud, kohtumiseni kevadel!<\/strong><\/p>\n<p>\n<\/div><\/div><\/div><\/div><\/div><\/div><\/div><!-- cell_inner --><\/div><!-- cell --><\/div><!-- port --><\/section><\/p>\n","protected":false},"excerpt":{"rendered":"<h3>T\u00f5uksist:<\/h3>\n<p>Avasta l\u00f5putu s\u00f5idur\u00f5\u00f5m koos Ninebot eKickScooter ZING C10-ga! Segway on loonud just lastele meeldej\u00e4\u00e4va elamuse. T\u00f5uksi kaasaegne disain ja m\u00e4nguline v\u00e4rvikombinatsioon \u2013 helehall segatuna erksa kollasega \u2013 p\u00fc\u00fcab k\u00f5igi pilke. S\u00f5ltumata sellest kas laps on algaja v\u00f5i juba kogenud s\u00f5itja, ZING C10 kolm s\u00f5idure\u017eiimi tagavad ohutu ja sobiva kiiruse iga\u00fchele.<\/p>\n<p>Lisaks v\u00f5imaldab t\u00f5ukeratta kerge 8,1 kg kaal elle h\u00f5lpsasti k\u00f5ikjale kaasa v\u00f5tta ning \u00fche akulaadimisega saab nautida kuni 10 km pikkust s\u00f5itu. \u00c4ra lase sellel v\u00f5imalusel k\u00e4est libiseda &#8211; paku oma lapsele l\u00f5busat s\u00f5idukogemust!<\/p>\n","protected":false},"featured_media":5533,"template":"","meta":{"_monsterinsights_skip_tracking":false,"_monsterinsights_sitenote_active":false,"_monsterinsights_sitenote_note":"","_monsterinsights_sitenote_category":0},"product_brand":[],"product_cat":[65],"product_tag":[],"class_list":{"0":"post-3386","1":"product","2":"type-product","3":"status-publish","4":"has-post-thumbnail","6":"product_cat-8-14","8":"first","9":"instock","10":"virtual","11":"taxable","12":"purchasable","13":"product-type-simple"},"yoast_head":"<!-- This site is optimized with the Yoast SEO plugin v27.3 - https:\/\/yoast.com\/product\/yoast-seo-wordpress\/ -->\n<title>Elektrit\u00f5ukeratta rent lapsele vanuses 8-14<\/title>\n<meta name=\"description\" content=\"Rendi elektrit\u00f5ukeratas lapsele ning naudi P\u00e4rnus s\u00f5itmist. Valikus Segway Ninebot Zing C10 lapsele vanuses 8-14 eluaastat\" \/>\n<meta name=\"robots\" content=\"index, follow, max-snippet:-1, max-image-preview:large, max-video-preview:-1\" \/>\n<link rel=\"canonical\" href=\"https:\/\/sahku.ee\/rent\/ninebot-zing-c10\/\" \/>\n<meta property=\"og:locale\" content=\"en_US\" \/>\n<meta property=\"og:type\" content=\"article\" \/>\n<meta property=\"og:title\" content=\"Elektrit\u00f5ukeratta rent lapsele vanuses 8-14\" \/>\n<meta property=\"og:description\" content=\"Rendi elektrit\u00f5ukeratas lapsele ning naudi P\u00e4rnus s\u00f5itmist. Valikus Segway Ninebot Zing C10 lapsele vanuses 8-14 eluaastat\" \/>\n<meta property=\"og:url\" content=\"https:\/\/sahku.ee\/rent\/ninebot-zing-c10\/\" \/>\n<meta property=\"og:site_name\" content=\"S\u00e4hku\" \/>\n<meta property=\"article:modified_time\" content=\"2024-09-30T19:21:46+00:00\" \/>\n<meta property=\"og:image\" content=\"https:\/\/sahku.ee\/wp-content\/uploads\/2023\/03\/Laste-toukeratas-Segway-Ninebot-ZING-C10-1.jpg\" \/>\n\t<meta property=\"og:image:width\" content=\"800\" \/>\n\t<meta property=\"og:image:height\" content=\"800\" \/>\n\t<meta property=\"og:image:type\" content=\"image\/jpeg\" \/>\n<meta name=\"twitter:card\" content=\"summary_large_image\" \/>\n<meta name=\"twitter:label1\" content=\"Est. reading time\" \/>\n\t<meta name=\"twitter:data1\" content=\"1 minute\" \/>\n<script type=\"application\/ld+json\" class=\"yoast-schema-graph\">{\"@context\":\"https:\\\/\\\/schema.org\",\"@graph\":[{\"@type\":\"WebPage\",\"@id\":\"https:\\\/\\\/sahku.ee\\\/rent\\\/ninebot-zing-c10\\\/\",\"url\":\"https:\\\/\\\/sahku.ee\\\/rent\\\/ninebot-zing-c10\\\/\",\"name\":\"Elektrit\u00f5ukeratta rent lapsele vanuses 8-14\",\"isPartOf\":{\"@id\":\"https:\\\/\\\/sahku.ee\\\/#website\"},\"primaryImageOfPage\":{\"@id\":\"https:\\\/\\\/sahku.ee\\\/rent\\\/ninebot-zing-c10\\\/#primaryimage\"},\"image\":{\"@id\":\"https:\\\/\\\/sahku.ee\\\/rent\\\/ninebot-zing-c10\\\/#primaryimage\"},\"thumbnailUrl\":\"https:\\\/\\\/sahku.ee\\\/wp-content\\\/uploads\\\/2023\\\/03\\\/Laste-toukeratas-Segway-Ninebot-ZING-C10-1.jpg\",\"datePublished\":\"2023-03-17T18:28:41+00:00\",\"dateModified\":\"2024-09-30T19:21:46+00:00\",\"description\":\"Rendi elektrit\u00f5ukeratas lapsele ning naudi P\u00e4rnus s\u00f5itmist. Valikus Segway Ninebot Zing C10 lapsele vanuses 8-14 eluaastat\",\"breadcrumb\":{\"@id\":\"https:\\\/\\\/sahku.ee\\\/rent\\\/ninebot-zing-c10\\\/#breadcrumb\"},\"inLanguage\":\"en-US\",\"potentialAction\":[{\"@type\":\"ReadAction\",\"target\":[\"https:\\\/\\\/sahku.ee\\\/rent\\\/ninebot-zing-c10\\\/\"]}]},{\"@type\":\"ImageObject\",\"inLanguage\":\"en-US\",\"@id\":\"https:\\\/\\\/sahku.ee\\\/rent\\\/ninebot-zing-c10\\\/#primaryimage\",\"url\":\"https:\\\/\\\/sahku.ee\\\/wp-content\\\/uploads\\\/2023\\\/03\\\/Laste-toukeratas-Segway-Ninebot-ZING-C10-1.jpg\",\"contentUrl\":\"https:\\\/\\\/sahku.ee\\\/wp-content\\\/uploads\\\/2023\\\/03\\\/Laste-toukeratas-Segway-Ninebot-ZING-C10-1.jpg\",\"width\":800,\"height\":800,\"caption\":\"Laste-t\u00f5ukeratas-Segway-Ninebot-ZING-C10\"},{\"@type\":\"BreadcrumbList\",\"@id\":\"https:\\\/\\\/sahku.ee\\\/rent\\\/ninebot-zing-c10\\\/#breadcrumb\",\"itemListElement\":[{\"@type\":\"ListItem\",\"position\":1,\"name\":\"S\u00e4hku\",\"item\":\"https:\\\/\\\/sahku.ee\\\/\"},{\"@type\":\"ListItem\",\"position\":2,\"name\":\"Rendi t\u00f5ukerattad\",\"item\":\"https:\\\/\\\/sahku.ee\\\/rendi-toukerattad\\\/\"},{\"@type\":\"ListItem\",\"position\":3,\"name\":\"Ninebot Zing C10\"}]},{\"@type\":\"WebSite\",\"@id\":\"https:\\\/\\\/sahku.ee\\\/#website\",\"url\":\"https:\\\/\\\/sahku.ee\\\/\",\"name\":\"S\u00e4hku.ee\",\"description\":\"Elektrit\u00f5ukside rent lastele P\u00e4rnus\",\"publisher\":{\"@id\":\"https:\\\/\\\/sahku.ee\\\/#organization\"},\"alternateName\":\"S\u00e4hku\",\"potentialAction\":[{\"@type\":\"SearchAction\",\"target\":{\"@type\":\"EntryPoint\",\"urlTemplate\":\"https:\\\/\\\/sahku.ee\\\/?s={search_term_string}\"},\"query-input\":{\"@type\":\"PropertyValueSpecification\",\"valueRequired\":true,\"valueName\":\"search_term_string\"}}],\"inLanguage\":\"en-US\"},{\"@type\":\"Organization\",\"@id\":\"https:\\\/\\\/sahku.ee\\\/#organization\",\"name\":\"Trett O\u00dc\",\"alternateName\":\"S\u00e4hku\",\"url\":\"https:\\\/\\\/sahku.ee\\\/\",\"logo\":{\"@type\":\"ImageObject\",\"inLanguage\":\"en-US\",\"@id\":\"https:\\\/\\\/sahku.ee\\\/#\\\/schema\\\/logo\\\/image\\\/\",\"url\":\"https:\\\/\\\/sahku.ee\\\/wp-content\\\/uploads\\\/2023\\\/07\\\/cropped-Sahku-uus-favicon.png\",\"contentUrl\":\"https:\\\/\\\/sahku.ee\\\/wp-content\\\/uploads\\\/2023\\\/07\\\/cropped-Sahku-uus-favicon.png\",\"width\":512,\"height\":512,\"caption\":\"Trett O\u00dc\"},\"image\":{\"@id\":\"https:\\\/\\\/sahku.ee\\\/#\\\/schema\\\/logo\\\/image\\\/\"}}]}<\/script>\n<!-- \/ Yoast SEO plugin. -->","yoast_head_json":{"title":"Elektrit\u00f5ukeratta rent lapsele vanuses 8-14","description":"Rendi elektrit\u00f5ukeratas lapsele ning naudi P\u00e4rnus s\u00f5itmist. Valikus Segway Ninebot Zing C10 lapsele vanuses 8-14 eluaastat","robots":{"index":"index","follow":"follow","max-snippet":"max-snippet:-1","max-image-preview":"max-image-preview:large","max-video-preview":"max-video-preview:-1"},"canonical":"https:\/\/sahku.ee\/rent\/ninebot-zing-c10\/","og_locale":"en_US","og_type":"article","og_title":"Elektrit\u00f5ukeratta rent lapsele vanuses 8-14","og_description":"Rendi elektrit\u00f5ukeratas lapsele ning naudi P\u00e4rnus s\u00f5itmist. Valikus Segway Ninebot Zing C10 lapsele vanuses 8-14 eluaastat","og_url":"https:\/\/sahku.ee\/rent\/ninebot-zing-c10\/","og_site_name":"S\u00e4hku","article_modified_time":"2024-09-30T19:21:46+00:00","og_image":[{"width":800,"height":800,"url":"https:\/\/sahku.ee\/wp-content\/uploads\/2023\/03\/Laste-toukeratas-Segway-Ninebot-ZING-C10-1.jpg","type":"image\/jpeg"}],"twitter_card":"summary_large_image","twitter_misc":{"Est. reading time":"1 minute"},"schema":{"@context":"https:\/\/schema.org","@graph":[{"@type":"WebPage","@id":"https:\/\/sahku.ee\/rent\/ninebot-zing-c10\/","url":"https:\/\/sahku.ee\/rent\/ninebot-zing-c10\/","name":"Elektrit\u00f5ukeratta rent lapsele vanuses 8-14","isPartOf":{"@id":"https:\/\/sahku.ee\/#website"},"primaryImageOfPage":{"@id":"https:\/\/sahku.ee\/rent\/ninebot-zing-c10\/#primaryimage"},"image":{"@id":"https:\/\/sahku.ee\/rent\/ninebot-zing-c10\/#primaryimage"},"thumbnailUrl":"https:\/\/sahku.ee\/wp-content\/uploads\/2023\/03\/Laste-toukeratas-Segway-Ninebot-ZING-C10-1.jpg","datePublished":"2023-03-17T18:28:41+00:00","dateModified":"2024-09-30T19:21:46+00:00","description":"Rendi elektrit\u00f5ukeratas lapsele ning naudi P\u00e4rnus s\u00f5itmist. Valikus Segway Ninebot Zing C10 lapsele vanuses 8-14 eluaastat","breadcrumb":{"@id":"https:\/\/sahku.ee\/rent\/ninebot-zing-c10\/#breadcrumb"},"inLanguage":"en-US","potentialAction":[{"@type":"ReadAction","target":["https:\/\/sahku.ee\/rent\/ninebot-zing-c10\/"]}]},{"@type":"ImageObject","inLanguage":"en-US","@id":"https:\/\/sahku.ee\/rent\/ninebot-zing-c10\/#primaryimage","url":"https:\/\/sahku.ee\/wp-content\/uploads\/2023\/03\/Laste-toukeratas-Segway-Ninebot-ZING-C10-1.jpg","contentUrl":"https:\/\/sahku.ee\/wp-content\/uploads\/2023\/03\/Laste-toukeratas-Segway-Ninebot-ZING-C10-1.jpg","width":800,"height":800,"caption":"Laste-t\u00f5ukeratas-Segway-Ninebot-ZING-C10"},{"@type":"BreadcrumbList","@id":"https:\/\/sahku.ee\/rent\/ninebot-zing-c10\/#breadcrumb","itemListElement":[{"@type":"ListItem","position":1,"name":"S\u00e4hku","item":"https:\/\/sahku.ee\/"},{"@type":"ListItem","position":2,"name":"Rendi t\u00f5ukerattad","item":"https:\/\/sahku.ee\/rendi-toukerattad\/"},{"@type":"ListItem","position":3,"name":"Ninebot Zing C10"}]},{"@type":"WebSite","@id":"https:\/\/sahku.ee\/#website","url":"https:\/\/sahku.ee\/","name":"S\u00e4hku.ee","description":"Elektrit\u00f5ukside rent lastele P\u00e4rnus","publisher":{"@id":"https:\/\/sahku.ee\/#organization"},"alternateName":"S\u00e4hku","potentialAction":[{"@type":"SearchAction","target":{"@type":"EntryPoint","urlTemplate":"https:\/\/sahku.ee\/?s={search_term_string}"},"query-input":{"@type":"PropertyValueSpecification","valueRequired":true,"valueName":"search_term_string"}}],"inLanguage":"en-US"},{"@type":"Organization","@id":"https:\/\/sahku.ee\/#organization","name":"Trett O\u00dc","alternateName":"S\u00e4hku","url":"https:\/\/sahku.ee\/","logo":{"@type":"ImageObject","inLanguage":"en-US","@id":"https:\/\/sahku.ee\/#\/schema\/logo\/image\/","url":"https:\/\/sahku.ee\/wp-content\/uploads\/2023\/07\/cropped-Sahku-uus-favicon.png","contentUrl":"https:\/\/sahku.ee\/wp-content\/uploads\/2023\/07\/cropped-Sahku-uus-favicon.png","width":512,"height":512,"caption":"Trett O\u00dc"},"image":{"@id":"https:\/\/sahku.ee\/#\/schema\/logo\/image\/"}}]}},"_links":{"self":[{"href":"https:\/\/sahku.ee\/en\/wp-json\/wp\/v2\/product\/3386","targetHints":{"allow":["GET"]}}],"collection":[{"href":"https:\/\/sahku.ee\/en\/wp-json\/wp\/v2\/product"}],"about":[{"href":"https:\/\/sahku.ee\/en\/wp-json\/wp\/v2\/types\/product"}],"wp:featuredmedia":[{"embeddable":true,"href":"https:\/\/sahku.ee\/en\/wp-json\/wp\/v2\/media\/5533"}],"wp:attachment":[{"href":"https:\/\/sahku.ee\/en\/wp-json\/wp\/v2\/media?parent=3386"}],"wp:term":[{"taxonomy":"product_brand","embeddable":true,"href":"https:\/\/sahku.ee\/en\/wp-json\/wp\/v2\/product_brand?post=3386"},{"taxonomy":"product_cat","embeddable":true,"href":"https:\/\/sahku.ee\/en\/wp-json\/wp\/v2\/product_cat?post=3386"},{"taxonomy":"product_tag","embeddable":true,"href":"https:\/\/sahku.ee\/en\/wp-json\/wp\/v2\/product_tag?post=3386"}],"curies":[{"name":"wp","href":"https:\/\/api.w.org\/{rel}","templated":true}]}}