
{"id":4076,"date":"2023-03-13T15:53:50","date_gmt":"2023-03-13T13:53:50","guid":{"rendered":"https:\/\/sahku.ee\/checkout\/"},"modified":"2023-04-21T19:09:26","modified_gmt":"2023-04-21T16:09:26","slug":"checkout","status":"publish","type":"page","link":"https:\/\/sahku.ee\/en\/checkout\/","title":{"rendered":"Checkout"},"content":{"rendered":"<section data-bb-version=\"4.5.4\" id=\"bt_bb_section69d45330a8202\" class=\"bt_bb_section bt_bb_layout_boxed_1200 bt_bb_vertical_align_top bt_bb_top_spacing_large bt_bb_bottom_spacing_normal bt_bb_negative_margin_none\"  data-bt-override-class=\"{&quot;bt_bb_top_spacing_&quot;:{&quot;current_class&quot;:&quot;bt_bb_top_spacing_large&quot;,&quot;def&quot;:&quot;large&quot;},&quot;bt_bb_bottom_spacing_&quot;:{&quot;current_class&quot;:&quot;bt_bb_bottom_spacing_normal&quot;,&quot;def&quot;:&quot;normal&quot;}}\"><div class=\"bt_bb_port\"><div class=\"bt_bb_cell\"><div class=\"bt_bb_cell_inner\"><div class=\"bt_bb_row \"  data-bt-override-class=\"{}\"><div class=\"bt_bb_row_holder\" ><div data-bb-version=\"4.5.4\"  class=\"bt_bb_column col-xxl-12 col-xl-12 col-xs-12 col-sm-12 col-md-12 col-lg-12 bt_bb_vertical_align_top bt_bb_align_left bt_bb_padding_normal bt_bb_shape_inherit\" style=\"; --column-width:12;\" data-width=\"12\" data-bt-override-class=\"{}\"><div class=\"bt_bb_column_content\"><div class=\"bt_bb_column_content_inner\"><div data-bb-version=\"4.5.4\"  class=\"bt_bb_text\" ><div class=\"woocommerce\"><\/div><\/div><\/div><\/div><\/div><\/div><\/div><\/div><!-- cell_inner --><\/div><!-- cell --><\/div><!-- port --><\/section>\n","protected":false},"excerpt":{"rendered":"","protected":false},"author":1,"featured_media":0,"parent":0,"menu_order":0,"comment_status":"closed","ping_status":"closed","template":"","meta":{"_monsterinsights_skip_tracking":false,"_monsterinsights_sitenote_active":false,"_monsterinsights_sitenote_note":"","_monsterinsights_sitenote_category":0,"footnotes":""},"class_list":["post-4076","page","type-page","status-publish","hentry"],"yoast_head":"<!-- This site is optimized with the Yoast SEO plugin v27.3 - https:\/\/yoast.com\/product\/yoast-seo-wordpress\/ -->\n<title>Checkout - S\u00e4hku<\/title>\n<meta name=\"robots\" content=\"index, follow, max-snippet:-1, max-image-preview:large, max-video-preview:-1\" \/>\n<link rel=\"canonical\" href=\"https:\/\/sahku.ee\/en\/checkout\/\" \/>\n<meta property=\"og:locale\" content=\"en_US\" \/>\n<meta property=\"og:type\" content=\"article\" \/>\n<meta property=\"og:title\" content=\"Checkout - S\u00e4hku\" \/>\n<meta property=\"og:url\" content=\"https:\/\/sahku.ee\/en\/checkout\/\" \/>\n<meta property=\"og:site_name\" content=\"S\u00e4hku\" \/>\n<meta property=\"article:modified_time\" content=\"2023-04-21T16:09:26+00:00\" \/>\n<meta property=\"og:image\" content=\"https:\/\/sahku.ee\/wp-content\/uploads\/2023\/08\/Laste-touksid-Segway-Ninebot.jpg\" \/>\n\t<meta property=\"og:image:width\" content=\"1200\" \/>\n\t<meta property=\"og:image:height\" content=\"675\" \/>\n\t<meta property=\"og:image:type\" content=\"image\/jpeg\" \/>\n<meta name=\"twitter:card\" content=\"summary_large_image\" \/>\n<meta name=\"twitter:label1\" content=\"Est. reading time\" \/>\n\t<meta name=\"twitter:data1\" content=\"1 minute\" \/>\n<script type=\"application\/ld+json\" class=\"yoast-schema-graph\">{\"@context\":\"https:\\\/\\\/schema.org\",\"@graph\":[{\"@type\":\"WebPage\",\"@id\":\"https:\\\/\\\/sahku.ee\\\/en\\\/checkout\\\/\",\"url\":\"https:\\\/\\\/sahku.ee\\\/en\\\/checkout\\\/\",\"name\":\"Checkout - S\u00e4hku\",\"isPartOf\":{\"@id\":\"https:\\\/\\\/sahku.ee\\\/#website\"},\"datePublished\":\"2023-03-13T13:53:50+00:00\",\"dateModified\":\"2023-04-21T16:09:26+00:00\",\"breadcrumb\":{\"@id\":\"https:\\\/\\\/sahku.ee\\\/en\\\/checkout\\\/#breadcrumb\"},\"inLanguage\":\"en-US\",\"potentialAction\":[{\"@type\":\"ReadAction\",\"target\":[\"https:\\\/\\\/sahku.ee\\\/en\\\/checkout\\\/\"]}]},{\"@type\":\"BreadcrumbList\",\"@id\":\"https:\\\/\\\/sahku.ee\\\/en\\\/checkout\\\/#breadcrumb\",\"itemListElement\":[{\"@type\":\"ListItem\",\"position\":1,\"name\":\"S\u00e4hku\",\"item\":\"https:\\\/\\\/sahku.ee\\\/\"},{\"@type\":\"ListItem\",\"position\":2,\"name\":\"Checkout\"}]},{\"@type\":\"WebSite\",\"@id\":\"https:\\\/\\\/sahku.ee\\\/#website\",\"url\":\"https:\\\/\\\/sahku.ee\\\/\",\"name\":\"S\u00e4hku.ee\",\"description\":\"Elektrit\u00f5ukside rent lastele P\u00e4rnus\",\"publisher\":{\"@id\":\"https:\\\/\\\/sahku.ee\\\/#organization\"},\"alternateName\":\"S\u00e4hku\",\"potentialAction\":[{\"@type\":\"SearchAction\",\"target\":{\"@type\":\"EntryPoint\",\"urlTemplate\":\"https:\\\/\\\/sahku.ee\\\/?s={search_term_string}\"},\"query-input\":{\"@type\":\"PropertyValueSpecification\",\"valueRequired\":true,\"valueName\":\"search_term_string\"}}],\"inLanguage\":\"en-US\"},{\"@type\":\"Organization\",\"@id\":\"https:\\\/\\\/sahku.ee\\\/#organization\",\"name\":\"Trett O\u00dc\",\"alternateName\":\"S\u00e4hku\",\"url\":\"https:\\\/\\\/sahku.ee\\\/\",\"logo\":{\"@type\":\"ImageObject\",\"inLanguage\":\"en-US\",\"@id\":\"https:\\\/\\\/sahku.ee\\\/#\\\/schema\\\/logo\\\/image\\\/\",\"url\":\"https:\\\/\\\/sahku.ee\\\/wp-content\\\/uploads\\\/2023\\\/07\\\/cropped-Sahku-uus-favicon.png\",\"contentUrl\":\"https:\\\/\\\/sahku.ee\\\/wp-content\\\/uploads\\\/2023\\\/07\\\/cropped-Sahku-uus-favicon.png\",\"width\":512,\"height\":512,\"caption\":\"Trett O\u00dc\"},\"image\":{\"@id\":\"https:\\\/\\\/sahku.ee\\\/#\\\/schema\\\/logo\\\/image\\\/\"}}]}<\/script>\n<!-- \/ Yoast SEO plugin. -->","yoast_head_json":{"title":"Checkout - S\u00e4hku","robots":{"index":"index","follow":"follow","max-snippet":"max-snippet:-1","max-image-preview":"max-image-preview:large","max-video-preview":"max-video-preview:-1"},"canonical":"https:\/\/sahku.ee\/en\/checkout\/","og_locale":"en_US","og_type":"article","og_title":"Checkout - S\u00e4hku","og_url":"https:\/\/sahku.ee\/en\/checkout\/","og_site_name":"S\u00e4hku","article_modified_time":"2023-04-21T16:09:26+00:00","og_image":[{"width":1200,"height":675,"url":"https:\/\/sahku.ee\/wp-content\/uploads\/2023\/08\/Laste-touksid-Segway-Ninebot.jpg","type":"image\/jpeg"}],"twitter_card":"summary_large_image","twitter_misc":{"Est. reading time":"1 minute"},"schema":{"@context":"https:\/\/schema.org","@graph":[{"@type":"WebPage","@id":"https:\/\/sahku.ee\/en\/checkout\/","url":"https:\/\/sahku.ee\/en\/checkout\/","name":"Checkout - S\u00e4hku","isPartOf":{"@id":"https:\/\/sahku.ee\/#website"},"datePublished":"2023-03-13T13:53:50+00:00","dateModified":"2023-04-21T16:09:26+00:00","breadcrumb":{"@id":"https:\/\/sahku.ee\/en\/checkout\/#breadcrumb"},"inLanguage":"en-US","potentialAction":[{"@type":"ReadAction","target":["https:\/\/sahku.ee\/en\/checkout\/"]}]},{"@type":"BreadcrumbList","@id":"https:\/\/sahku.ee\/en\/checkout\/#breadcrumb","itemListElement":[{"@type":"ListItem","position":1,"name":"S\u00e4hku","item":"https:\/\/sahku.ee\/"},{"@type":"ListItem","position":2,"name":"Checkout"}]},{"@type":"WebSite","@id":"https:\/\/sahku.ee\/#website","url":"https:\/\/sahku.ee\/","name":"S\u00e4hku.ee","description":"Elektrit\u00f5ukside rent lastele P\u00e4rnus","publisher":{"@id":"https:\/\/sahku.ee\/#organization"},"alternateName":"S\u00e4hku","potentialAction":[{"@type":"SearchAction","target":{"@type":"EntryPoint","urlTemplate":"https:\/\/sahku.ee\/?s={search_term_string}"},"query-input":{"@type":"PropertyValueSpecification","valueRequired":true,"valueName":"search_term_string"}}],"inLanguage":"en-US"},{"@type":"Organization","@id":"https:\/\/sahku.ee\/#organization","name":"Trett O\u00dc","alternateName":"S\u00e4hku","url":"https:\/\/sahku.ee\/","logo":{"@type":"ImageObject","inLanguage":"en-US","@id":"https:\/\/sahku.ee\/#\/schema\/logo\/image\/","url":"https:\/\/sahku.ee\/wp-content\/uploads\/2023\/07\/cropped-Sahku-uus-favicon.png","contentUrl":"https:\/\/sahku.ee\/wp-content\/uploads\/2023\/07\/cropped-Sahku-uus-favicon.png","width":512,"height":512,"caption":"Trett O\u00dc"},"image":{"@id":"https:\/\/sahku.ee\/#\/schema\/logo\/image\/"}}]}},"_links":{"self":[{"href":"https:\/\/sahku.ee\/en\/wp-json\/wp\/v2\/pages\/4076","targetHints":{"allow":["GET"]}}],"collection":[{"href":"https:\/\/sahku.ee\/en\/wp-json\/wp\/v2\/pages"}],"about":[{"href":"https:\/\/sahku.ee\/en\/wp-json\/wp\/v2\/types\/page"}],"author":[{"embeddable":true,"href":"https:\/\/sahku.ee\/en\/wp-json\/wp\/v2\/users\/1"}],"replies":[{"embeddable":true,"href":"https:\/\/sahku.ee\/en\/wp-json\/wp\/v2\/comments?post=4076"}],"version-history":[{"count":0,"href":"https:\/\/sahku.ee\/en\/wp-json\/wp\/v2\/pages\/4076\/revisions"}],"wp:attachment":[{"href":"https:\/\/sahku.ee\/en\/wp-json\/wp\/v2\/media?parent=4076"}],"curies":[{"name":"wp","href":"https:\/\/api.w.org\/{rel}","templated":true}]}}